{"id":299,"date":"2020-08-19T13:31:19","date_gmt":"2020-08-19T13:31:19","guid":{"rendered":"https:\/\/donawebedesign.com.br\/lojacevadapura\/?page_id=3"},"modified":"2021-03-03T20:41:46","modified_gmt":"2021-03-03T20:41:46","slug":"politica-de-privacidade","status":"publish","type":"page","link":"https:\/\/www.cevadapura.com.br\/loja\/politica-de-privacidade\/","title":{"rendered":"Pol\u00edtica de Privacidade"},"content":{"rendered":"\t\t<div data-elementor-type=\"wp-page\" data-elementor-id=\"299\" class=\"elementor elementor-299\" data-elementor-post-type=\"page\">\n\t\t\t\t<section class=\"elementor-section elementor-top-section elementor-element elementor-element-51a0d0 elementor-section-boxed elementor-section-height-default elementor-section-height-default\" data-id=\"51a0d0\" data-element_type=\"section\">\n\t\t\t\t\t\t<div class=\"elementor-container elementor-column-gap-default\">\n\t\t\t\t\t<div class=\"elementor-column elementor-col-100 elementor-top-column elementor-element elementor-element-7b0063d7\" data-id=\"7b0063d7\" data-element_type=\"column\">\n\t\t\t<div class=\"elementor-widget-wrap elementor-element-populated\">\n\t\t\t\t\t\t<div class=\"elementor-element elementor-element-8194742 elementor-widget elementor-widget-heading\" data-id=\"8194742\" data-element_type=\"widget\" data-widget_type=\"heading.default\">\n\t\t\t\t<div class=\"elementor-widget-container\">\n\t\t\t\t\t<h2 class=\"elementor-heading-title elementor-size-default\">POL\u00cdTICA DE PRIVACIDADE<\/h2>\t\t\t\t<\/div>\n\t\t\t\t<\/div>\n\t\t\t\t<div class=\"elementor-element elementor-element-6feca825 elementor-widget elementor-widget-text-editor\" data-id=\"6feca825\" data-element_type=\"widget\" data-widget_type=\"text-editor.default\">\n\t\t\t\t<div class=\"elementor-widget-container\"><p class=\"p2\">Respeitamos a privacidade de todos os nossos clientes, sempre empenhados em proteger as informa\u00e7\u00f5es pessoais fornecidas. Aqui voc\u00ea pode saber como ser\u00e1 utilizada a informa\u00e7\u00e3o pessoal que voc\u00ea nos forneceu.<\/p>\n<p class=\"p2\"><b>QUAIS INFORMA\u00c7\u00d5ES COLETADAS<\/b><\/p>\n<p class=\"p2\">A CEVADA PURA est\u00e1 comprometido em resguardar sua privacidade. O objetivo deste documento \u00e9 esclarecer quais informa\u00e7\u00f5es s\u00e3o coletadas dos usu\u00e1rios de todos os nossos websites, aplicativos e respectivos servi\u00e7os, e de que forma esses dados s\u00e3o utilizados.<\/p>\n<p class=\"p3\"><b>SOBRE A COLETA DE DADOS<\/b><\/p>\n<p class=\"p2\">Em nossos site e servi\u00e7os, as informa\u00e7\u00f5es s\u00e3o coletadas das seguintes maneiras:<\/p>\n<ul class=\"ul1\">\n<li class=\"li2\">Informa\u00e7\u00f5es fornecidas por voc\u00ea: coletamos informa\u00e7\u00f5es de identifica\u00e7\u00e3o pessoal \u2013 como nome, telefone, e-mail, entre outras \u2013 via preenchimento de formul\u00e1rios para download de conte\u00fados digitais, recebimento de materiais impressos e de boletins informativos (newsletters) ou outras a\u00e7\u00f5es de intera\u00e7\u00e3o virtual ou f\u00edsica.<br \/><br \/>\u2022 Informa\u00e7\u00f5es de navega\u00e7\u00e3o: utilizamos ferramentas digitais para identificar e registrar dados de acesso e comportamento de navega\u00e7\u00e3o dentro dos nossos sites, aplicativos e servi\u00e7os. S\u00e3o coletadas informa\u00e7\u00f5es como endere\u00e7o de IP, localiza\u00e7\u00e3o geogr\u00e1fica, fonte de refer\u00eancia, tipo de navegador, dura\u00e7\u00e3o da visita, p\u00e1ginas visitadas e sistema operacional utilizado.<br \/>\u00a0<br \/>\u2022 Hist\u00f3rico de contato: armazenamos informa\u00e7\u00f5es a respeito de todos os contatos j\u00e1 realizados com nossos usu\u00e1rios, incluindo conte\u00fados baixados a partir de nossas p\u00e1ginas, intera\u00e7\u00f5es via e-mail, compras realizadas, entre outros.<br \/>\u00a0<\/li>\n<\/ul>\n<p class=\"p3\"><b>SOBRE O USO DE INFORMA\u00c7\u00d5ES PESSOAIS<\/b><\/p>\n<p class=\"p2\">O presente termo permite que a CEVADA PURA use informa\u00e7\u00f5es pessoais de seus usu\u00e1rios para diferentes finalidades.\u00a0<\/p>\n<p class=\"p2\">O e-mail \u00e9 utilizado para envio de boletins informativos (newsletters), sempre relacionados \u00e0 divulga\u00e7\u00e3o e comunica\u00e7\u00e3o de promo\u00e7\u00f5es, lan\u00e7amento de novos produtos, conte\u00fados digitais e impressos, entre outras a\u00e7\u00f5es promovidas pela empresa. Ressalta-se que o usu\u00e1rio pode cancelar a assinatura desses recebimentos a qualquer momento.<\/p>\n<p class=\"p2\">Al\u00e9m disso, a equipe de atendimento da CEVADA PURA poder\u00e1, eventualmente, entrar em contato via e-mail ou telefone para realizar pesquisas, atualizar cadastros, informar sobre resolu\u00e7\u00e3o de problemas reportados e outros assuntos que o usu\u00e1rio tenha relatado interesse.<br \/><br \/>Suas informa\u00e7\u00f5es ser\u00e3o compartilhadas com nossos parceiros apenas quando a parceria estiver expl\u00edcita na p\u00e1gina ou tela na qual consta o formul\u00e1rio de preenchimento para recebimento de algum dos nossos materiais ou participa\u00e7\u00e3o em a\u00e7\u00f5es promocionais da empresa.<br \/>\u00a0<\/p>\n<p class=\"p3\"><b>SOBRE O ACESSO \u00c0S INFORMA\u00c7\u00d5ES PESSOAIS<\/b><\/p>\n<p class=\"p2\">Apenas funcion\u00e1rios da CEVADA PURA poder\u00e3o visualizar informa\u00e7\u00f5es pessoais. Eventualmente, caso a inser\u00e7\u00e3o dos seus dados se d\u00ea em a\u00e7\u00f5es criadas em parcerias, os parceiros explicitamente identificados tamb\u00e9m ter\u00e3o acesso \u00e0 informa\u00e7\u00e3o. Nenhuma informa\u00e7\u00e3o pessoal ser\u00e1 divulgada publicamente.<\/p>\n<p class=\"p2\">A CEVADA PURA tamb\u00e9m se compromete a n\u00e3o vender, alugar ou repassar suas informa\u00e7\u00f5es para terceiros em hip\u00f3tese alguma. A \u00fanica exce\u00e7\u00e3o est\u00e1 em casos nos quais essas informa\u00e7\u00f5es forem exigidas judicialmente.<\/p>\n<p class=\"p2\">Embora trabalhemos com boas pr\u00e1ticas de prote\u00e7\u00e3o e seguran\u00e7a, nenhum servi\u00e7o web possui 100% de garantia contra invas\u00f5es e n\u00e3o podemos nos responsabilizar caso isso ocorra.<\/p>\n<p class=\"p2\">\u00a0<\/p>\n<p class=\"p3\"><b>SOBRE O COMPARTILHAMENTO DE CONTE\u00daDO NAS REDES SOCIAIS<\/b><\/p>\n<p class=\"p2\">Ao clicar nos bot\u00f5es de compartilhamento de conte\u00fado nas m\u00eddias sociais dispon\u00edveis em nossas p\u00e1ginas, o usu\u00e1rio estar\u00e1 publicando os produtos por meio de seu perfil na rede selecionada. A CEVADA PURA n\u00e3o tem acesso ao login e senha dos usu\u00e1rios nessas redes, nem publicar\u00e1 conte\u00fado em nome do usu\u00e1rio sem que ele realize essa a\u00e7\u00e3o.<\/p>\n<p class=\"p2\">\u00a0<\/p>\n<p class=\"p3\"><b>SOBRE A SEGURAN\u00c7A PARA O CLIENTE<\/b><\/p>\n<p class=\"p2\">Todas as informa\u00e7\u00f5es pessoais fornecidas no momento do cadastro e da compra em nossos sites, aplicativos e servi\u00e7os s\u00e3o armazenados com criptografia.<\/p>\n<p class=\"p2\">A CEVADA PURA alerta a todos os clientes que nunca enviar\u00e1 mensagens eletr\u00f4nicas solicitando confirma\u00e7\u00e3o de dados sens\u00edveis, como senhas, ou com anexos que possam ser executados (extens\u00f5es: .exe, .rar, .com e outras).<\/p>\n<ul class=\"ul1\">\n<li class=\"li2\">Pagamentos com cart\u00e3o de cr\u00e9dito: os n\u00fameros de cart\u00e3o de cr\u00e9dito informados nos formul\u00e1rios de pagamento, em ambiente seguro, s\u00e3o gerenciados pelas operadoras de cart\u00f5es de cr\u00e9dito e, mesmo quando armazenados em nossas bases de dados para pagamentos recorrentes, permanecem seguros.<\/li>\n<li class=\"li2\">Boletos de pagamento: h\u00e1 alguns v\u00edrus de computador que alteram os dados dos boletos no momento de sua gera\u00e7\u00e3o ou de impress\u00e3o. Sendo assim, preste muita aten\u00e7\u00e3o aos dados de pagamento e o c\u00f3digo num\u00e9rico do boleto. Sempre confira se o c\u00f3digo do banco confere com o c\u00f3digo do boleto. Se estiver em d\u00favida, entre em contato com uma ag\u00eancia banc\u00e1ria ou com nossa Central de Atendimento.<\/li>\n<\/ul>\n<p class=\"p2\">\u00a0<\/p>\n<p class=\"p3\"><b>SOBRE O CANCELAMENTO DO RECEBIMENTO DE E-MAIL E ALTERA\u00c7\u00c3O\/EXCLUS\u00c3O DE INFORMA\u00c7\u00d5ES PESSOAIS<\/b><\/p>\n<p class=\"p2\">Voc\u00ea pode optar por n\u00e3o receber mais qualquer tipo de e-mail da CEVADA PURA. Em todas as mensagens eletr\u00f4nicas que enviamos, h\u00e1 sempre um link dispon\u00edvel para cancelar o recebimento de e-mail nas \u00faltimas linhas. Ao clicar nesse link, voc\u00ea ser\u00e1 automaticamente removido da lista.<\/p>\n<p class=\"p2\">\u00c9 importante mencionar que, ao preencher qualquer formul\u00e1rio novamente, ficar\u00e1 caracterizada a reinser\u00e7\u00e3o do seu e-mail \u00e0 lista. Portanto, a requisi\u00e7\u00e3o para cancelar o recebimento desse tipo de contato deve ser feita novamente, caso seja de seu interesse.<\/p>\n<p class=\"p2\">Para alterar suas informa\u00e7\u00f5es pessoais ou mesmo exclu\u00ed-las do nosso banco de dados, basta enviar um e-mail para ecommercesp@cevadapura.com.br.<\/p>\n<p class=\"p2\">\u00a0<\/p>\n<p class=\"p3\"><b>SOBRE MUDAN\u00c7AS NA POL\u00cdTICA DE PRIVACIDADE<\/b><\/p>\n<p class=\"p2\">Os termos que definem nossa Pol\u00edtica de Privacidade podem passar por atualiza\u00e7\u00f5es a qualquer momento, sem aviso pr\u00e9vio. Desta forma, recomendamos visitar periodicamente esta p\u00e1gina para que voc\u00ea tenha conhecimento sobre as diretrizes vigentes.<\/p>\n<p class=\"p2\">Antes de usar informa\u00e7\u00f5es para outros fins, que n\u00e3o os definidos nesta Pol\u00edtica de Privacidade, solicitamos sua autoriza\u00e7\u00e3o.<\/p>\n<p class=\"p2\">Alertamos que, se voc\u00ea n\u00e3o concorda com o conte\u00fado destes termos, n\u00e3o \u00e9 recomend\u00e1vel interagir com nossos sites, aplicativos e servi\u00e7os.<\/p>\n<p class=\"p2\">\u00a0<\/p>\n<p class=\"p3\"><b>ATENDIMENTO\u00a0<\/b><\/p>\n<p class=\"p2\">Caso tenha qualquer d\u00favida em rela\u00e7\u00e3o \u00e0 nossa pol\u00edtica de privacidade, fique \u00e0 vontade para entrar em contato conosco.<\/p>\n<p class=\"p2\">Envie um e-mail para ecommercesp@cevadapura.com.br.<\/p><\/div>\n\t\t\t\t<\/div>\n\t\t\t\t\t<\/div>\n\t\t<\/div>\n\t\t\t\t\t<\/div>\n\t\t<\/section>\t\t<\/div>\n\t\t","protected":false},"excerpt":{"rendered":"<p>POL\u00cdTICA DE PRIVACIDADE Respeitamos a privacidade de todos os nossos clientes, sempre empenhados em proteger as informa\u00e7\u00f5es pessoais fornecidas. Aqui voc\u00ea pode saber como ser\u00e1 utilizada a informa\u00e7\u00e3o pessoal que voc\u00ea nos forneceu. QUAIS INFORMA\u00c7\u00d5ES COLETADAS A CEVADA PURA est\u00e1 comprometido em resguardar sua privacidade. O objetivo deste documento \u00e9 esclarecer quais informa\u00e7\u00f5es s\u00e3o coletadas [&hellip;]<\/p>\n","protected":false},"author":1,"featured_media":0,"parent":0,"menu_order":0,"comment_status":"closed","ping_status":"closed","template":"","meta":{"footnotes":""},"class_list":["post-299","page","type-page","status-publish","hentry"],"yoast_head":"<!-- This site is optimized with the Yoast SEO plugin v25.2 - https:\/\/yoast.com\/wordpress\/plugins\/seo\/ -->\n<title>Pol\u00edtica de Privacidade - Loja Cevada Pura<\/title>\n<meta name=\"description\" content=\"Somos a CEVADA PURA! Uma Cervejaria aut\u00eantica, reconhecida e premiada em festivais nacionais e internacionais! Sejam bem vindos ao mundo Cevada Pura! Mais de 15 r\u00f3tulos, sendo eles de linha e sazonais, buscando atender todos os perfis sensoriais dos nossos consumidores. Cevada Pura \u00e9 f\u00e1brica, tap house, distribuidora e franquiadora, estamos sempre em busca de inova\u00e7\u00e3o e qualidade.\" \/>\n<meta name=\"robots\" content=\"index, follow, max-snippet:-1, max-image-preview:large, max-video-preview:-1\" \/>\n<link rel=\"canonical\" href=\"https:\/\/www.cevadapura.com.br\/loja\/politica-de-privacidade\/\" \/>\n<meta property=\"og:locale\" content=\"pt_BR\" \/>\n<meta property=\"og:type\" content=\"article\" \/>\n<meta property=\"og:title\" content=\"Pol\u00edtica de Privacidade - Loja Cevada Pura\" \/>\n<meta property=\"og:description\" content=\"Somos a CEVADA PURA! Uma Cervejaria aut\u00eantica, reconhecida e premiada em festivais nacionais e internacionais! Sejam bem vindos ao mundo Cevada Pura! Mais de 15 r\u00f3tulos, sendo eles de linha e sazonais, buscando atender todos os perfis sensoriais dos nossos consumidores. Cevada Pura \u00e9 f\u00e1brica, tap house, distribuidora e franquiadora, estamos sempre em busca de inova\u00e7\u00e3o e qualidade.\" \/>\n<meta property=\"og:url\" content=\"https:\/\/www.cevadapura.com.br\/loja\/politica-de-privacidade\/\" \/>\n<meta property=\"og:site_name\" content=\"Loja Cevada Pura\" \/>\n<meta property=\"article:publisher\" content=\"https:\/\/www.facebook.com\/CevadaPura\" \/>\n<meta property=\"article:modified_time\" content=\"2021-03-03T20:41:46+00:00\" \/>\n<meta name=\"twitter:card\" content=\"summary_large_image\" \/>\n<meta name=\"twitter:label1\" content=\"Est. tempo de leitura\" \/>\n\t<meta name=\"twitter:data1\" content=\"5 minutos\" \/>\n<script type=\"application\/ld+json\" class=\"yoast-schema-graph\">{\"@context\":\"https:\/\/schema.org\",\"@graph\":[{\"@type\":\"WebPage\",\"@id\":\"https:\/\/www.cevadapura.com.br\/loja\/politica-de-privacidade\/\",\"url\":\"https:\/\/www.cevadapura.com.br\/loja\/politica-de-privacidade\/\",\"name\":\"Pol\u00edtica de Privacidade - Loja Cevada Pura\",\"isPartOf\":{\"@id\":\"https:\/\/www.cevadapura.com.br\/loja\/#website\"},\"datePublished\":\"2020-08-19T13:31:19+00:00\",\"dateModified\":\"2021-03-03T20:41:46+00:00\",\"description\":\"Somos a CEVADA PURA! Uma Cervejaria aut\u00eantica, reconhecida e premiada em festivais nacionais e internacionais! Sejam bem vindos ao mundo Cevada Pura! Mais de 15 r\u00f3tulos, sendo eles de linha e sazonais, buscando atender todos os perfis sensoriais dos nossos consumidores. Cevada Pura \u00e9 f\u00e1brica, tap house, distribuidora e franquiadora, estamos sempre em busca de inova\u00e7\u00e3o e qualidade.\",\"breadcrumb\":{\"@id\":\"https:\/\/www.cevadapura.com.br\/loja\/politica-de-privacidade\/#breadcrumb\"},\"inLanguage\":\"pt-BR\",\"potentialAction\":[{\"@type\":\"ReadAction\",\"target\":[\"https:\/\/www.cevadapura.com.br\/loja\/politica-de-privacidade\/\"]}]},{\"@type\":\"BreadcrumbList\",\"@id\":\"https:\/\/www.cevadapura.com.br\/loja\/politica-de-privacidade\/#breadcrumb\",\"itemListElement\":[{\"@type\":\"ListItem\",\"position\":1,\"name\":\"Home\",\"item\":\"https:\/\/www.cevadapura.com.br\/loja\/\"},{\"@type\":\"ListItem\",\"position\":2,\"name\":\"Pol\u00edtica de Privacidade\"}]},{\"@type\":\"WebSite\",\"@id\":\"https:\/\/www.cevadapura.com.br\/loja\/#website\",\"url\":\"https:\/\/www.cevadapura.com.br\/loja\/\",\"name\":\"Loja Cevada Pura\",\"description\":\"Desde 2001\",\"publisher\":{\"@id\":\"https:\/\/www.cevadapura.com.br\/loja\/#organization\"},\"potentialAction\":[{\"@type\":\"SearchAction\",\"target\":{\"@type\":\"EntryPoint\",\"urlTemplate\":\"https:\/\/www.cevadapura.com.br\/loja\/?s={search_term_string}\"},\"query-input\":{\"@type\":\"PropertyValueSpecification\",\"valueRequired\":true,\"valueName\":\"search_term_string\"}}],\"inLanguage\":\"pt-BR\"},{\"@type\":\"Organization\",\"@id\":\"https:\/\/www.cevadapura.com.br\/loja\/#organization\",\"name\":\"CEVADA PURA\",\"url\":\"https:\/\/www.cevadapura.com.br\/loja\/\",\"logo\":{\"@type\":\"ImageObject\",\"inLanguage\":\"pt-BR\",\"@id\":\"https:\/\/www.cevadapura.com.br\/loja\/#\/schema\/logo\/image\/\",\"url\":\"https:\/\/www.cevadapura.com.br\/loja\/wp-content\/uploads\/2020\/12\/cropped-logo-cevadapura-preto-200px-1.png\",\"contentUrl\":\"https:\/\/www.cevadapura.com.br\/loja\/wp-content\/uploads\/2020\/12\/cropped-logo-cevadapura-preto-200px-1.png\",\"width\":512,\"height\":512,\"caption\":\"CEVADA PURA\"},\"image\":{\"@id\":\"https:\/\/www.cevadapura.com.br\/loja\/#\/schema\/logo\/image\/\"},\"sameAs\":[\"https:\/\/www.facebook.com\/CevadaPura\"]}]}<\/script>\n<!-- \/ Yoast SEO plugin. -->","yoast_head_json":{"title":"Pol\u00edtica de Privacidade - Loja Cevada Pura","description":"Somos a CEVADA PURA! Uma Cervejaria aut\u00eantica, reconhecida e premiada em festivais nacionais e internacionais! Sejam bem vindos ao mundo Cevada Pura! Mais de 15 r\u00f3tulos, sendo eles de linha e sazonais, buscando atender todos os perfis sensoriais dos nossos consumidores. Cevada Pura \u00e9 f\u00e1brica, tap house, distribuidora e franquiadora, estamos sempre em busca de inova\u00e7\u00e3o e qualidade.","robots":{"index":"index","follow":"follow","max-snippet":"max-snippet:-1","max-image-preview":"max-image-preview:large","max-video-preview":"max-video-preview:-1"},"canonical":"https:\/\/www.cevadapura.com.br\/loja\/politica-de-privacidade\/","og_locale":"pt_BR","og_type":"article","og_title":"Pol\u00edtica de Privacidade - Loja Cevada Pura","og_description":"Somos a CEVADA PURA! Uma Cervejaria aut\u00eantica, reconhecida e premiada em festivais nacionais e internacionais! Sejam bem vindos ao mundo Cevada Pura! Mais de 15 r\u00f3tulos, sendo eles de linha e sazonais, buscando atender todos os perfis sensoriais dos nossos consumidores. Cevada Pura \u00e9 f\u00e1brica, tap house, distribuidora e franquiadora, estamos sempre em busca de inova\u00e7\u00e3o e qualidade.","og_url":"https:\/\/www.cevadapura.com.br\/loja\/politica-de-privacidade\/","og_site_name":"Loja Cevada Pura","article_publisher":"https:\/\/www.facebook.com\/CevadaPura","article_modified_time":"2021-03-03T20:41:46+00:00","twitter_card":"summary_large_image","twitter_misc":{"Est. tempo de leitura":"5 minutos"},"schema":{"@context":"https:\/\/schema.org","@graph":[{"@type":"WebPage","@id":"https:\/\/www.cevadapura.com.br\/loja\/politica-de-privacidade\/","url":"https:\/\/www.cevadapura.com.br\/loja\/politica-de-privacidade\/","name":"Pol\u00edtica de Privacidade - Loja Cevada Pura","isPartOf":{"@id":"https:\/\/www.cevadapura.com.br\/loja\/#website"},"datePublished":"2020-08-19T13:31:19+00:00","dateModified":"2021-03-03T20:41:46+00:00","description":"Somos a CEVADA PURA! Uma Cervejaria aut\u00eantica, reconhecida e premiada em festivais nacionais e internacionais! Sejam bem vindos ao mundo Cevada Pura! Mais de 15 r\u00f3tulos, sendo eles de linha e sazonais, buscando atender todos os perfis sensoriais dos nossos consumidores. Cevada Pura \u00e9 f\u00e1brica, tap house, distribuidora e franquiadora, estamos sempre em busca de inova\u00e7\u00e3o e qualidade.","breadcrumb":{"@id":"https:\/\/www.cevadapura.com.br\/loja\/politica-de-privacidade\/#breadcrumb"},"inLanguage":"pt-BR","potentialAction":[{"@type":"ReadAction","target":["https:\/\/www.cevadapura.com.br\/loja\/politica-de-privacidade\/"]}]},{"@type":"BreadcrumbList","@id":"https:\/\/www.cevadapura.com.br\/loja\/politica-de-privacidade\/#breadcrumb","itemListElement":[{"@type":"ListItem","position":1,"name":"Home","item":"https:\/\/www.cevadapura.com.br\/loja\/"},{"@type":"ListItem","position":2,"name":"Pol\u00edtica de Privacidade"}]},{"@type":"WebSite","@id":"https:\/\/www.cevadapura.com.br\/loja\/#website","url":"https:\/\/www.cevadapura.com.br\/loja\/","name":"Loja Cevada Pura","description":"Desde 2001","publisher":{"@id":"https:\/\/www.cevadapura.com.br\/loja\/#organization"},"potentialAction":[{"@type":"SearchAction","target":{"@type":"EntryPoint","urlTemplate":"https:\/\/www.cevadapura.com.br\/loja\/?s={search_term_string}"},"query-input":{"@type":"PropertyValueSpecification","valueRequired":true,"valueName":"search_term_string"}}],"inLanguage":"pt-BR"},{"@type":"Organization","@id":"https:\/\/www.cevadapura.com.br\/loja\/#organization","name":"CEVADA PURA","url":"https:\/\/www.cevadapura.com.br\/loja\/","logo":{"@type":"ImageObject","inLanguage":"pt-BR","@id":"https:\/\/www.cevadapura.com.br\/loja\/#\/schema\/logo\/image\/","url":"https:\/\/www.cevadapura.com.br\/loja\/wp-content\/uploads\/2020\/12\/cropped-logo-cevadapura-preto-200px-1.png","contentUrl":"https:\/\/www.cevadapura.com.br\/loja\/wp-content\/uploads\/2020\/12\/cropped-logo-cevadapura-preto-200px-1.png","width":512,"height":512,"caption":"CEVADA PURA"},"image":{"@id":"https:\/\/www.cevadapura.com.br\/loja\/#\/schema\/logo\/image\/"},"sameAs":["https:\/\/www.facebook.com\/CevadaPura"]}]}},"_links":{"self":[{"href":"https:\/\/www.cevadapura.com.br\/loja\/wp-json\/wp\/v2\/pages\/299","targetHints":{"allow":["GET"]}}],"collection":[{"href":"https:\/\/www.cevadapura.com.br\/loja\/wp-json\/wp\/v2\/pages"}],"about":[{"href":"https:\/\/www.cevadapura.com.br\/loja\/wp-json\/wp\/v2\/types\/page"}],"author":[{"embeddable":true,"href":"https:\/\/www.cevadapura.com.br\/loja\/wp-json\/wp\/v2\/users\/1"}],"replies":[{"embeddable":true,"href":"https:\/\/www.cevadapura.com.br\/loja\/wp-json\/wp\/v2\/comments?post=299"}],"version-history":[{"count":6,"href":"https:\/\/www.cevadapura.com.br\/loja\/wp-json\/wp\/v2\/pages\/299\/revisions"}],"predecessor-version":[{"id":722,"href":"https:\/\/www.cevadapura.com.br\/loja\/wp-json\/wp\/v2\/pages\/299\/revisions\/722"}],"wp:attachment":[{"href":"https:\/\/www.cevadapura.com.br\/loja\/wp-json\/wp\/v2\/media?parent=299"}],"curies":[{"name":"wp","href":"https:\/\/api.w.org\/{rel}","templated":true}]}}