{"id":498,"date":"2021-01-04T20:50:43","date_gmt":"2021-01-04T20:50:43","guid":{"rendered":"https:\/\/www.cevadapura.com.br\/loja\/?page_id=498"},"modified":"2021-01-04T20:52:46","modified_gmt":"2021-01-04T20:52:46","slug":"prazo-de-entrega","status":"publish","type":"page","link":"https:\/\/www.cevadapura.com.br\/loja\/prazo-de-entrega\/","title":{"rendered":"Prazo de Entrega"},"content":{"rendered":"\t\t<div data-elementor-type=\"wp-page\" data-elementor-id=\"498\" class=\"elementor elementor-498\" data-elementor-post-type=\"page\">\n\t\t\t\t\t\t<section class=\"elementor-section elementor-top-section elementor-element elementor-element-53a391c elementor-section-boxed elementor-section-height-default elementor-section-height-default\" data-id=\"53a391c\" data-element_type=\"section\">\n\t\t\t\t\t\t<div class=\"elementor-container elementor-column-gap-default\">\n\t\t\t\t\t<div class=\"elementor-column elementor-col-100 elementor-top-column elementor-element elementor-element-3486775\" data-id=\"3486775\" data-element_type=\"column\">\n\t\t\t<div class=\"elementor-widget-wrap elementor-element-populated\">\n\t\t\t\t\t\t<div class=\"elementor-element elementor-element-e886991 elementor-widget elementor-widget-heading\" data-id=\"e886991\" data-element_type=\"widget\" data-widget_type=\"heading.default\">\n\t\t\t\t<div class=\"elementor-widget-container\">\n\t\t\t\t\t<h2 class=\"elementor-heading-title elementor-size-default\">PRAZO DE ENTREGA<\/h2>\t\t\t\t<\/div>\n\t\t\t\t<\/div>\n\t\t\t\t\t<\/div>\n\t\t<\/div>\n\t\t\t\t\t<\/div>\n\t\t<\/section>\n\t\t\t\t<section class=\"elementor-section elementor-top-section elementor-element elementor-element-71e30d5 elementor-section-boxed elementor-section-height-default elementor-section-height-default\" data-id=\"71e30d5\" data-element_type=\"section\">\n\t\t\t\t\t\t<div class=\"elementor-container elementor-column-gap-default\">\n\t\t\t\t\t<div class=\"elementor-column elementor-col-100 elementor-top-column elementor-element elementor-element-e59282f\" data-id=\"e59282f\" data-element_type=\"column\">\n\t\t\t<div class=\"elementor-widget-wrap elementor-element-populated\">\n\t\t\t\t\t\t<div class=\"elementor-element elementor-element-85826a2 elementor-widget elementor-widget-text-editor\" data-id=\"85826a2\" data-element_type=\"widget\" data-widget_type=\"text-editor.default\">\n\t\t\t\t<div class=\"elementor-widget-container\">\n\t\t\t\t\t\t\t\t\t<p>O prazo de entrega come\u00e7a a contar a partir da aprova\u00e7\u00e3o do pagamento do pedido. O prazo para as compras via cart\u00e3o de cr\u00e9dito costuma ser at\u00e9 24h e para os pagamentos em boleto, no dia seguinte \u00fatil ao pagamento.<\/p><p>O prazo varia de localidade para localidade e tamb\u00e9m da modalidade. Por enquanto estamos entregando somente para o Estado de S\u00e3o Paulo.<\/p>\t\t\t\t\t\t\t\t<\/div>\n\t\t\t\t<\/div>\n\t\t\t\t\t<\/div>\n\t\t<\/div>\n\t\t\t\t\t<\/div>\n\t\t<\/section>\n\t\t\t\t<\/div>\n\t\t","protected":false},"excerpt":{"rendered":"<p>PRAZO DE ENTREGA O prazo de entrega come\u00e7a a contar a partir da aprova\u00e7\u00e3o do pagamento do pedido. O prazo para as compras via cart\u00e3o de cr\u00e9dito costuma ser at\u00e9 24h e para os pagamentos em boleto, no dia seguinte \u00fatil ao pagamento. O prazo varia de localidade para localidade e tamb\u00e9m da modalidade. Por [&hellip;]<\/p>\n","protected":false},"author":1,"featured_media":0,"parent":0,"menu_order":0,"comment_status":"closed","ping_status":"closed","template":"","meta":{"footnotes":""},"class_list":["post-498","page","type-page","status-publish","hentry"],"yoast_head":"<!-- This site is optimized with the Yoast SEO plugin v25.2 - https:\/\/yoast.com\/wordpress\/plugins\/seo\/ -->\n<title>Prazo de Entrega - Loja Cevada Pura<\/title>\n<meta name=\"description\" content=\"Somos a CEVADA PURA! Uma Cervejaria aut\u00eantica, reconhecida e premiada em festivais nacionais e internacionais! Sejam bem vindos ao mundo Cevada Pura! Mais de 15 r\u00f3tulos, sendo eles de linha e sazonais, buscando atender todos os perfis sensoriais dos nossos consumidores. Cevada Pura \u00e9 f\u00e1brica, tap house, distribuidora e franquiadora, estamos sempre em busca de inova\u00e7\u00e3o e qualidade.\" \/>\n<meta name=\"robots\" content=\"index, follow, max-snippet:-1, max-image-preview:large, max-video-preview:-1\" \/>\n<link rel=\"canonical\" href=\"https:\/\/www.cevadapura.com.br\/loja\/prazo-de-entrega\/\" \/>\n<meta property=\"og:locale\" content=\"pt_BR\" \/>\n<meta property=\"og:type\" content=\"article\" \/>\n<meta property=\"og:title\" content=\"Prazo de Entrega - Loja Cevada Pura\" \/>\n<meta property=\"og:description\" content=\"Somos a CEVADA PURA! Uma Cervejaria aut\u00eantica, reconhecida e premiada em festivais nacionais e internacionais! Sejam bem vindos ao mundo Cevada Pura! Mais de 15 r\u00f3tulos, sendo eles de linha e sazonais, buscando atender todos os perfis sensoriais dos nossos consumidores. Cevada Pura \u00e9 f\u00e1brica, tap house, distribuidora e franquiadora, estamos sempre em busca de inova\u00e7\u00e3o e qualidade.\" \/>\n<meta property=\"og:url\" content=\"https:\/\/www.cevadapura.com.br\/loja\/prazo-de-entrega\/\" \/>\n<meta property=\"og:site_name\" content=\"Loja Cevada Pura\" \/>\n<meta property=\"article:publisher\" content=\"https:\/\/www.facebook.com\/CevadaPura\" \/>\n<meta property=\"article:modified_time\" content=\"2021-01-04T20:52:46+00:00\" \/>\n<meta name=\"twitter:card\" content=\"summary_large_image\" \/>\n<script type=\"application\/ld+json\" class=\"yoast-schema-graph\">{\"@context\":\"https:\/\/schema.org\",\"@graph\":[{\"@type\":\"WebPage\",\"@id\":\"https:\/\/www.cevadapura.com.br\/loja\/prazo-de-entrega\/\",\"url\":\"https:\/\/www.cevadapura.com.br\/loja\/prazo-de-entrega\/\",\"name\":\"Prazo de Entrega - Loja Cevada Pura\",\"isPartOf\":{\"@id\":\"https:\/\/www.cevadapura.com.br\/loja\/#website\"},\"datePublished\":\"2021-01-04T20:50:43+00:00\",\"dateModified\":\"2021-01-04T20:52:46+00:00\",\"description\":\"Somos a CEVADA PURA! Uma Cervejaria aut\u00eantica, reconhecida e premiada em festivais nacionais e internacionais! Sejam bem vindos ao mundo Cevada Pura! Mais de 15 r\u00f3tulos, sendo eles de linha e sazonais, buscando atender todos os perfis sensoriais dos nossos consumidores. Cevada Pura \u00e9 f\u00e1brica, tap house, distribuidora e franquiadora, estamos sempre em busca de inova\u00e7\u00e3o e qualidade.\",\"breadcrumb\":{\"@id\":\"https:\/\/www.cevadapura.com.br\/loja\/prazo-de-entrega\/#breadcrumb\"},\"inLanguage\":\"pt-BR\",\"potentialAction\":[{\"@type\":\"ReadAction\",\"target\":[\"https:\/\/www.cevadapura.com.br\/loja\/prazo-de-entrega\/\"]}]},{\"@type\":\"BreadcrumbList\",\"@id\":\"https:\/\/www.cevadapura.com.br\/loja\/prazo-de-entrega\/#breadcrumb\",\"itemListElement\":[{\"@type\":\"ListItem\",\"position\":1,\"name\":\"Home\",\"item\":\"https:\/\/www.cevadapura.com.br\/loja\/\"},{\"@type\":\"ListItem\",\"position\":2,\"name\":\"Prazo de Entrega\"}]},{\"@type\":\"WebSite\",\"@id\":\"https:\/\/www.cevadapura.com.br\/loja\/#website\",\"url\":\"https:\/\/www.cevadapura.com.br\/loja\/\",\"name\":\"Loja Cevada Pura\",\"description\":\"Desde 2001\",\"publisher\":{\"@id\":\"https:\/\/www.cevadapura.com.br\/loja\/#organization\"},\"potentialAction\":[{\"@type\":\"SearchAction\",\"target\":{\"@type\":\"EntryPoint\",\"urlTemplate\":\"https:\/\/www.cevadapura.com.br\/loja\/?s={search_term_string}\"},\"query-input\":{\"@type\":\"PropertyValueSpecification\",\"valueRequired\":true,\"valueName\":\"search_term_string\"}}],\"inLanguage\":\"pt-BR\"},{\"@type\":\"Organization\",\"@id\":\"https:\/\/www.cevadapura.com.br\/loja\/#organization\",\"name\":\"CEVADA PURA\",\"url\":\"https:\/\/www.cevadapura.com.br\/loja\/\",\"logo\":{\"@type\":\"ImageObject\",\"inLanguage\":\"pt-BR\",\"@id\":\"https:\/\/www.cevadapura.com.br\/loja\/#\/schema\/logo\/image\/\",\"url\":\"https:\/\/www.cevadapura.com.br\/loja\/wp-content\/uploads\/2020\/12\/cropped-logo-cevadapura-preto-200px-1.png\",\"contentUrl\":\"https:\/\/www.cevadapura.com.br\/loja\/wp-content\/uploads\/2020\/12\/cropped-logo-cevadapura-preto-200px-1.png\",\"width\":512,\"height\":512,\"caption\":\"CEVADA PURA\"},\"image\":{\"@id\":\"https:\/\/www.cevadapura.com.br\/loja\/#\/schema\/logo\/image\/\"},\"sameAs\":[\"https:\/\/www.facebook.com\/CevadaPura\"]}]}<\/script>\n<!-- \/ Yoast SEO plugin. -->","yoast_head_json":{"title":"Prazo de Entrega - Loja Cevada Pura","description":"Somos a CEVADA PURA! Uma Cervejaria aut\u00eantica, reconhecida e premiada em festivais nacionais e internacionais! Sejam bem vindos ao mundo Cevada Pura! Mais de 15 r\u00f3tulos, sendo eles de linha e sazonais, buscando atender todos os perfis sensoriais dos nossos consumidores. Cevada Pura \u00e9 f\u00e1brica, tap house, distribuidora e franquiadora, estamos sempre em busca de inova\u00e7\u00e3o e qualidade.","robots":{"index":"index","follow":"follow","max-snippet":"max-snippet:-1","max-image-preview":"max-image-preview:large","max-video-preview":"max-video-preview:-1"},"canonical":"https:\/\/www.cevadapura.com.br\/loja\/prazo-de-entrega\/","og_locale":"pt_BR","og_type":"article","og_title":"Prazo de Entrega - Loja Cevada Pura","og_description":"Somos a CEVADA PURA! Uma Cervejaria aut\u00eantica, reconhecida e premiada em festivais nacionais e internacionais! Sejam bem vindos ao mundo Cevada Pura! Mais de 15 r\u00f3tulos, sendo eles de linha e sazonais, buscando atender todos os perfis sensoriais dos nossos consumidores. Cevada Pura \u00e9 f\u00e1brica, tap house, distribuidora e franquiadora, estamos sempre em busca de inova\u00e7\u00e3o e qualidade.","og_url":"https:\/\/www.cevadapura.com.br\/loja\/prazo-de-entrega\/","og_site_name":"Loja Cevada Pura","article_publisher":"https:\/\/www.facebook.com\/CevadaPura","article_modified_time":"2021-01-04T20:52:46+00:00","twitter_card":"summary_large_image","schema":{"@context":"https:\/\/schema.org","@graph":[{"@type":"WebPage","@id":"https:\/\/www.cevadapura.com.br\/loja\/prazo-de-entrega\/","url":"https:\/\/www.cevadapura.com.br\/loja\/prazo-de-entrega\/","name":"Prazo de Entrega - Loja Cevada Pura","isPartOf":{"@id":"https:\/\/www.cevadapura.com.br\/loja\/#website"},"datePublished":"2021-01-04T20:50:43+00:00","dateModified":"2021-01-04T20:52:46+00:00","description":"Somos a CEVADA PURA! Uma Cervejaria aut\u00eantica, reconhecida e premiada em festivais nacionais e internacionais! Sejam bem vindos ao mundo Cevada Pura! Mais de 15 r\u00f3tulos, sendo eles de linha e sazonais, buscando atender todos os perfis sensoriais dos nossos consumidores. Cevada Pura \u00e9 f\u00e1brica, tap house, distribuidora e franquiadora, estamos sempre em busca de inova\u00e7\u00e3o e qualidade.","breadcrumb":{"@id":"https:\/\/www.cevadapura.com.br\/loja\/prazo-de-entrega\/#breadcrumb"},"inLanguage":"pt-BR","potentialAction":[{"@type":"ReadAction","target":["https:\/\/www.cevadapura.com.br\/loja\/prazo-de-entrega\/"]}]},{"@type":"BreadcrumbList","@id":"https:\/\/www.cevadapura.com.br\/loja\/prazo-de-entrega\/#breadcrumb","itemListElement":[{"@type":"ListItem","position":1,"name":"Home","item":"https:\/\/www.cevadapura.com.br\/loja\/"},{"@type":"ListItem","position":2,"name":"Prazo de Entrega"}]},{"@type":"WebSite","@id":"https:\/\/www.cevadapura.com.br\/loja\/#website","url":"https:\/\/www.cevadapura.com.br\/loja\/","name":"Loja Cevada Pura","description":"Desde 2001","publisher":{"@id":"https:\/\/www.cevadapura.com.br\/loja\/#organization"},"potentialAction":[{"@type":"SearchAction","target":{"@type":"EntryPoint","urlTemplate":"https:\/\/www.cevadapura.com.br\/loja\/?s={search_term_string}"},"query-input":{"@type":"PropertyValueSpecification","valueRequired":true,"valueName":"search_term_string"}}],"inLanguage":"pt-BR"},{"@type":"Organization","@id":"https:\/\/www.cevadapura.com.br\/loja\/#organization","name":"CEVADA PURA","url":"https:\/\/www.cevadapura.com.br\/loja\/","logo":{"@type":"ImageObject","inLanguage":"pt-BR","@id":"https:\/\/www.cevadapura.com.br\/loja\/#\/schema\/logo\/image\/","url":"https:\/\/www.cevadapura.com.br\/loja\/wp-content\/uploads\/2020\/12\/cropped-logo-cevadapura-preto-200px-1.png","contentUrl":"https:\/\/www.cevadapura.com.br\/loja\/wp-content\/uploads\/2020\/12\/cropped-logo-cevadapura-preto-200px-1.png","width":512,"height":512,"caption":"CEVADA PURA"},"image":{"@id":"https:\/\/www.cevadapura.com.br\/loja\/#\/schema\/logo\/image\/"},"sameAs":["https:\/\/www.facebook.com\/CevadaPura"]}]}},"_links":{"self":[{"href":"https:\/\/www.cevadapura.com.br\/loja\/wp-json\/wp\/v2\/pages\/498","targetHints":{"allow":["GET"]}}],"collection":[{"href":"https:\/\/www.cevadapura.com.br\/loja\/wp-json\/wp\/v2\/pages"}],"about":[{"href":"https:\/\/www.cevadapura.com.br\/loja\/wp-json\/wp\/v2\/types\/page"}],"author":[{"embeddable":true,"href":"https:\/\/www.cevadapura.com.br\/loja\/wp-json\/wp\/v2\/users\/1"}],"replies":[{"embeddable":true,"href":"https:\/\/www.cevadapura.com.br\/loja\/wp-json\/wp\/v2\/comments?post=498"}],"version-history":[{"count":4,"href":"https:\/\/www.cevadapura.com.br\/loja\/wp-json\/wp\/v2\/pages\/498\/revisions"}],"predecessor-version":[{"id":502,"href":"https:\/\/www.cevadapura.com.br\/loja\/wp-json\/wp\/v2\/pages\/498\/revisions\/502"}],"wp:attachment":[{"href":"https:\/\/www.cevadapura.com.br\/loja\/wp-json\/wp\/v2\/media?parent=498"}],"curies":[{"name":"wp","href":"https:\/\/api.w.org\/{rel}","templated":true}]}}