{"id":503,"date":"2021-01-04T20:56:23","date_gmt":"2021-01-04T20:56:23","guid":{"rendered":"https:\/\/www.cevadapura.com.br\/loja\/?page_id=503"},"modified":"2021-01-04T20:58:26","modified_gmt":"2021-01-04T20:58:26","slug":"trocas-e-devolucoes","status":"publish","type":"page","link":"https:\/\/www.cevadapura.com.br\/loja\/trocas-e-devolucoes\/","title":{"rendered":"Trocas e Devolu\u00e7\u00f5es"},"content":{"rendered":"\t\t<div data-elementor-type=\"wp-page\" data-elementor-id=\"503\" class=\"elementor elementor-503\" data-elementor-post-type=\"page\">\n\t\t\t\t\t\t<section class=\"elementor-section elementor-top-section elementor-element elementor-element-4d82093 elementor-section-boxed elementor-section-height-default elementor-section-height-default\" data-id=\"4d82093\" data-element_type=\"section\">\n\t\t\t\t\t\t<div class=\"elementor-container elementor-column-gap-default\">\n\t\t\t\t\t<div class=\"elementor-column elementor-col-100 elementor-top-column elementor-element elementor-element-38d7351\" data-id=\"38d7351\" data-element_type=\"column\">\n\t\t\t<div class=\"elementor-widget-wrap elementor-element-populated\">\n\t\t\t\t\t\t<div class=\"elementor-element elementor-element-56fa324 elementor-widget elementor-widget-heading\" data-id=\"56fa324\" data-element_type=\"widget\" data-widget_type=\"heading.default\">\n\t\t\t\t<div class=\"elementor-widget-container\">\n\t\t\t\t\t<h2 class=\"elementor-heading-title elementor-size-default\">Trocas e Devolu\u00e7\u00f5es<\/h2>\t\t\t\t<\/div>\n\t\t\t\t<\/div>\n\t\t\t\t\t<\/div>\n\t\t<\/div>\n\t\t\t\t\t<\/div>\n\t\t<\/section>\n\t\t\t\t<section class=\"elementor-section elementor-top-section elementor-element elementor-element-948c6bf elementor-section-boxed elementor-section-height-default elementor-section-height-default\" data-id=\"948c6bf\" data-element_type=\"section\">\n\t\t\t\t\t\t<div class=\"elementor-container elementor-column-gap-default\">\n\t\t\t\t\t<div class=\"elementor-column elementor-col-100 elementor-top-column elementor-element elementor-element-1ed8f1b\" data-id=\"1ed8f1b\" data-element_type=\"column\">\n\t\t\t<div class=\"elementor-widget-wrap elementor-element-populated\">\n\t\t\t\t\t\t<div class=\"elementor-element elementor-element-4591cb9 elementor-widget elementor-widget-text-editor\" data-id=\"4591cb9\" data-element_type=\"widget\" data-widget_type=\"text-editor.default\">\n\t\t\t\t<div class=\"elementor-widget-container\">\n\t\t\t\t\t\t\t\t\t<p>As mercadorias podem ser trocadas ou devolvidas at\u00e9 7 dias ap\u00f3s o recebimento, por motivo de desist\u00eancia, arrependimento, avaria ou entrega do produto em desacordo com o pedido realizado.\u00a0<\/p><p>Para isso, entre em contato com o SAC,\u00a0pelo\u00a0Chat\u00a0ou por\u00a0E-mail, e informe o n\u00famero do pedido e o c\u00f3digo do produto a ser trocado, ambos descritos na nota fiscal, ao lado do nome da mercadoria e qual o motivo da solicita\u00e7\u00e3o.<\/p><p>No caso das compras efetuados por cart\u00e3o de cr\u00e9dito, o valor ser\u00e1 ressarcido via estorno no prazo de at\u00e9 5 dias \u00fateis ap\u00f3s o recebimento do mercadoria no centro de distribui\u00e7\u00e3o do Cevada Pura. A verifica\u00e7\u00e3o do estorno na fatura depende do prazo de processamento do banco.<\/p><p>J\u00e1 quando a compra for efetuado por boleto, o prazo para dep\u00f3sito na conta corrente em nome do comprador ser\u00e1 em at\u00e9 5 dias \u00fateis ap\u00f3s o recebimento do mercadoria no centro de distribui\u00e7\u00e3o da Cevada Pura.<\/p><p>A troca ser\u00e1 realizada somente se o produto estiver em perfeito estado, em sua embalagem de envio.<\/p>\t\t\t\t\t\t\t\t<\/div>\n\t\t\t\t<\/div>\n\t\t\t\t\t<\/div>\n\t\t<\/div>\n\t\t\t\t\t<\/div>\n\t\t<\/section>\n\t\t\t\t<\/div>\n\t\t","protected":false},"excerpt":{"rendered":"<p>Trocas e Devolu\u00e7\u00f5es As mercadorias podem ser trocadas ou devolvidas at\u00e9 7 dias ap\u00f3s o recebimento, por motivo de desist\u00eancia, arrependimento, avaria ou entrega do produto em desacordo com o pedido realizado.\u00a0 Para isso, entre em contato com o SAC,\u00a0pelo\u00a0Chat\u00a0ou por\u00a0E-mail, e informe o n\u00famero do pedido e o c\u00f3digo do produto a ser trocado, [&hellip;]<\/p>\n","protected":false},"author":1,"featured_media":0,"parent":0,"menu_order":0,"comment_status":"closed","ping_status":"closed","template":"","meta":{"footnotes":""},"class_list":["post-503","page","type-page","status-publish","hentry"],"yoast_head":"<!-- This site is optimized with the Yoast SEO plugin v25.2 - https:\/\/yoast.com\/wordpress\/plugins\/seo\/ -->\n<title>Trocas e Devolu\u00e7\u00f5es - Loja Cevada Pura<\/title>\n<meta name=\"description\" content=\"Somos a CEVADA PURA! Uma Cervejaria aut\u00eantica, reconhecida e premiada em festivais nacionais e internacionais! Sejam bem vindos ao mundo Cevada Pura! Mais de 15 r\u00f3tulos, sendo eles de linha e sazonais, buscando atender todos os perfis sensoriais dos nossos consumidores. Cevada Pura \u00e9 f\u00e1brica, tap house, distribuidora e franquiadora, estamos sempre em busca de inova\u00e7\u00e3o e qualidade.\" \/>\n<meta name=\"robots\" content=\"index, follow, max-snippet:-1, max-image-preview:large, max-video-preview:-1\" \/>\n<link rel=\"canonical\" href=\"https:\/\/www.cevadapura.com.br\/loja\/trocas-e-devolucoes\/\" \/>\n<meta property=\"og:locale\" content=\"pt_BR\" \/>\n<meta property=\"og:type\" content=\"article\" \/>\n<meta property=\"og:title\" content=\"Trocas e Devolu\u00e7\u00f5es - Loja Cevada Pura\" \/>\n<meta property=\"og:description\" content=\"Somos a CEVADA PURA! Uma Cervejaria aut\u00eantica, reconhecida e premiada em festivais nacionais e internacionais! Sejam bem vindos ao mundo Cevada Pura! Mais de 15 r\u00f3tulos, sendo eles de linha e sazonais, buscando atender todos os perfis sensoriais dos nossos consumidores. Cevada Pura \u00e9 f\u00e1brica, tap house, distribuidora e franquiadora, estamos sempre em busca de inova\u00e7\u00e3o e qualidade.\" \/>\n<meta property=\"og:url\" content=\"https:\/\/www.cevadapura.com.br\/loja\/trocas-e-devolucoes\/\" \/>\n<meta property=\"og:site_name\" content=\"Loja Cevada Pura\" \/>\n<meta property=\"article:publisher\" content=\"https:\/\/www.facebook.com\/CevadaPura\" \/>\n<meta property=\"article:modified_time\" content=\"2021-01-04T20:58:26+00:00\" \/>\n<meta name=\"twitter:card\" content=\"summary_large_image\" \/>\n<meta name=\"twitter:label1\" content=\"Est. tempo de leitura\" \/>\n\t<meta name=\"twitter:data1\" content=\"1 minuto\" \/>\n<script type=\"application\/ld+json\" class=\"yoast-schema-graph\">{\"@context\":\"https:\/\/schema.org\",\"@graph\":[{\"@type\":\"WebPage\",\"@id\":\"https:\/\/www.cevadapura.com.br\/loja\/trocas-e-devolucoes\/\",\"url\":\"https:\/\/www.cevadapura.com.br\/loja\/trocas-e-devolucoes\/\",\"name\":\"Trocas e Devolu\u00e7\u00f5es - Loja Cevada Pura\",\"isPartOf\":{\"@id\":\"https:\/\/www.cevadapura.com.br\/loja\/#website\"},\"datePublished\":\"2021-01-04T20:56:23+00:00\",\"dateModified\":\"2021-01-04T20:58:26+00:00\",\"description\":\"Somos a CEVADA PURA! Uma Cervejaria aut\u00eantica, reconhecida e premiada em festivais nacionais e internacionais! Sejam bem vindos ao mundo Cevada Pura! Mais de 15 r\u00f3tulos, sendo eles de linha e sazonais, buscando atender todos os perfis sensoriais dos nossos consumidores. Cevada Pura \u00e9 f\u00e1brica, tap house, distribuidora e franquiadora, estamos sempre em busca de inova\u00e7\u00e3o e qualidade.\",\"breadcrumb\":{\"@id\":\"https:\/\/www.cevadapura.com.br\/loja\/trocas-e-devolucoes\/#breadcrumb\"},\"inLanguage\":\"pt-BR\",\"potentialAction\":[{\"@type\":\"ReadAction\",\"target\":[\"https:\/\/www.cevadapura.com.br\/loja\/trocas-e-devolucoes\/\"]}]},{\"@type\":\"BreadcrumbList\",\"@id\":\"https:\/\/www.cevadapura.com.br\/loja\/trocas-e-devolucoes\/#breadcrumb\",\"itemListElement\":[{\"@type\":\"ListItem\",\"position\":1,\"name\":\"Home\",\"item\":\"https:\/\/www.cevadapura.com.br\/loja\/\"},{\"@type\":\"ListItem\",\"position\":2,\"name\":\"Trocas e Devolu\u00e7\u00f5es\"}]},{\"@type\":\"WebSite\",\"@id\":\"https:\/\/www.cevadapura.com.br\/loja\/#website\",\"url\":\"https:\/\/www.cevadapura.com.br\/loja\/\",\"name\":\"Loja Cevada Pura\",\"description\":\"Desde 2001\",\"publisher\":{\"@id\":\"https:\/\/www.cevadapura.com.br\/loja\/#organization\"},\"potentialAction\":[{\"@type\":\"SearchAction\",\"target\":{\"@type\":\"EntryPoint\",\"urlTemplate\":\"https:\/\/www.cevadapura.com.br\/loja\/?s={search_term_string}\"},\"query-input\":{\"@type\":\"PropertyValueSpecification\",\"valueRequired\":true,\"valueName\":\"search_term_string\"}}],\"inLanguage\":\"pt-BR\"},{\"@type\":\"Organization\",\"@id\":\"https:\/\/www.cevadapura.com.br\/loja\/#organization\",\"name\":\"CEVADA PURA\",\"url\":\"https:\/\/www.cevadapura.com.br\/loja\/\",\"logo\":{\"@type\":\"ImageObject\",\"inLanguage\":\"pt-BR\",\"@id\":\"https:\/\/www.cevadapura.com.br\/loja\/#\/schema\/logo\/image\/\",\"url\":\"https:\/\/www.cevadapura.com.br\/loja\/wp-content\/uploads\/2020\/12\/cropped-logo-cevadapura-preto-200px-1.png\",\"contentUrl\":\"https:\/\/www.cevadapura.com.br\/loja\/wp-content\/uploads\/2020\/12\/cropped-logo-cevadapura-preto-200px-1.png\",\"width\":512,\"height\":512,\"caption\":\"CEVADA PURA\"},\"image\":{\"@id\":\"https:\/\/www.cevadapura.com.br\/loja\/#\/schema\/logo\/image\/\"},\"sameAs\":[\"https:\/\/www.facebook.com\/CevadaPura\"]}]}<\/script>\n<!-- \/ Yoast SEO plugin. -->","yoast_head_json":{"title":"Trocas e Devolu\u00e7\u00f5es - Loja Cevada Pura","description":"Somos a CEVADA PURA! Uma Cervejaria aut\u00eantica, reconhecida e premiada em festivais nacionais e internacionais! Sejam bem vindos ao mundo Cevada Pura! Mais de 15 r\u00f3tulos, sendo eles de linha e sazonais, buscando atender todos os perfis sensoriais dos nossos consumidores. Cevada Pura \u00e9 f\u00e1brica, tap house, distribuidora e franquiadora, estamos sempre em busca de inova\u00e7\u00e3o e qualidade.","robots":{"index":"index","follow":"follow","max-snippet":"max-snippet:-1","max-image-preview":"max-image-preview:large","max-video-preview":"max-video-preview:-1"},"canonical":"https:\/\/www.cevadapura.com.br\/loja\/trocas-e-devolucoes\/","og_locale":"pt_BR","og_type":"article","og_title":"Trocas e Devolu\u00e7\u00f5es - Loja Cevada Pura","og_description":"Somos a CEVADA PURA! Uma Cervejaria aut\u00eantica, reconhecida e premiada em festivais nacionais e internacionais! Sejam bem vindos ao mundo Cevada Pura! Mais de 15 r\u00f3tulos, sendo eles de linha e sazonais, buscando atender todos os perfis sensoriais dos nossos consumidores. Cevada Pura \u00e9 f\u00e1brica, tap house, distribuidora e franquiadora, estamos sempre em busca de inova\u00e7\u00e3o e qualidade.","og_url":"https:\/\/www.cevadapura.com.br\/loja\/trocas-e-devolucoes\/","og_site_name":"Loja Cevada Pura","article_publisher":"https:\/\/www.facebook.com\/CevadaPura","article_modified_time":"2021-01-04T20:58:26+00:00","twitter_card":"summary_large_image","twitter_misc":{"Est. tempo de leitura":"1 minuto"},"schema":{"@context":"https:\/\/schema.org","@graph":[{"@type":"WebPage","@id":"https:\/\/www.cevadapura.com.br\/loja\/trocas-e-devolucoes\/","url":"https:\/\/www.cevadapura.com.br\/loja\/trocas-e-devolucoes\/","name":"Trocas e Devolu\u00e7\u00f5es - Loja Cevada Pura","isPartOf":{"@id":"https:\/\/www.cevadapura.com.br\/loja\/#website"},"datePublished":"2021-01-04T20:56:23+00:00","dateModified":"2021-01-04T20:58:26+00:00","description":"Somos a CEVADA PURA! Uma Cervejaria aut\u00eantica, reconhecida e premiada em festivais nacionais e internacionais! Sejam bem vindos ao mundo Cevada Pura! Mais de 15 r\u00f3tulos, sendo eles de linha e sazonais, buscando atender todos os perfis sensoriais dos nossos consumidores. Cevada Pura \u00e9 f\u00e1brica, tap house, distribuidora e franquiadora, estamos sempre em busca de inova\u00e7\u00e3o e qualidade.","breadcrumb":{"@id":"https:\/\/www.cevadapura.com.br\/loja\/trocas-e-devolucoes\/#breadcrumb"},"inLanguage":"pt-BR","potentialAction":[{"@type":"ReadAction","target":["https:\/\/www.cevadapura.com.br\/loja\/trocas-e-devolucoes\/"]}]},{"@type":"BreadcrumbList","@id":"https:\/\/www.cevadapura.com.br\/loja\/trocas-e-devolucoes\/#breadcrumb","itemListElement":[{"@type":"ListItem","position":1,"name":"Home","item":"https:\/\/www.cevadapura.com.br\/loja\/"},{"@type":"ListItem","position":2,"name":"Trocas e Devolu\u00e7\u00f5es"}]},{"@type":"WebSite","@id":"https:\/\/www.cevadapura.com.br\/loja\/#website","url":"https:\/\/www.cevadapura.com.br\/loja\/","name":"Loja Cevada Pura","description":"Desde 2001","publisher":{"@id":"https:\/\/www.cevadapura.com.br\/loja\/#organization"},"potentialAction":[{"@type":"SearchAction","target":{"@type":"EntryPoint","urlTemplate":"https:\/\/www.cevadapura.com.br\/loja\/?s={search_term_string}"},"query-input":{"@type":"PropertyValueSpecification","valueRequired":true,"valueName":"search_term_string"}}],"inLanguage":"pt-BR"},{"@type":"Organization","@id":"https:\/\/www.cevadapura.com.br\/loja\/#organization","name":"CEVADA PURA","url":"https:\/\/www.cevadapura.com.br\/loja\/","logo":{"@type":"ImageObject","inLanguage":"pt-BR","@id":"https:\/\/www.cevadapura.com.br\/loja\/#\/schema\/logo\/image\/","url":"https:\/\/www.cevadapura.com.br\/loja\/wp-content\/uploads\/2020\/12\/cropped-logo-cevadapura-preto-200px-1.png","contentUrl":"https:\/\/www.cevadapura.com.br\/loja\/wp-content\/uploads\/2020\/12\/cropped-logo-cevadapura-preto-200px-1.png","width":512,"height":512,"caption":"CEVADA PURA"},"image":{"@id":"https:\/\/www.cevadapura.com.br\/loja\/#\/schema\/logo\/image\/"},"sameAs":["https:\/\/www.facebook.com\/CevadaPura"]}]}},"_links":{"self":[{"href":"https:\/\/www.cevadapura.com.br\/loja\/wp-json\/wp\/v2\/pages\/503","targetHints":{"allow":["GET"]}}],"collection":[{"href":"https:\/\/www.cevadapura.com.br\/loja\/wp-json\/wp\/v2\/pages"}],"about":[{"href":"https:\/\/www.cevadapura.com.br\/loja\/wp-json\/wp\/v2\/types\/page"}],"author":[{"embeddable":true,"href":"https:\/\/www.cevadapura.com.br\/loja\/wp-json\/wp\/v2\/users\/1"}],"replies":[{"embeddable":true,"href":"https:\/\/www.cevadapura.com.br\/loja\/wp-json\/wp\/v2\/comments?post=503"}],"version-history":[{"count":4,"href":"https:\/\/www.cevadapura.com.br\/loja\/wp-json\/wp\/v2\/pages\/503\/revisions"}],"predecessor-version":[{"id":507,"href":"https:\/\/www.cevadapura.com.br\/loja\/wp-json\/wp\/v2\/pages\/503\/revisions\/507"}],"wp:attachment":[{"href":"https:\/\/www.cevadapura.com.br\/loja\/wp-json\/wp\/v2\/media?parent=503"}],"curies":[{"name":"wp","href":"https:\/\/api.w.org\/{rel}","templated":true}]}}