{"id":7,"date":"2020-12-10T19:43:13","date_gmt":"2020-12-10T19:43:13","guid":{"rendered":"https:\/\/www.cevadapura.com.br\/loja\/carrinho\/"},"modified":"2020-12-17T11:15:07","modified_gmt":"2020-12-17T11:15:07","slug":"carrinho","status":"publish","type":"page","link":"https:\/\/www.cevadapura.com.br\/loja\/carrinho\/","title":{"rendered":"Carrinho"},"content":{"rendered":"\t\t<div data-elementor-type=\"wp-page\" data-elementor-id=\"7\" class=\"elementor elementor-7\" data-elementor-post-type=\"page\">\n\t\t\t\t<section class=\"elementor-section elementor-top-section elementor-element elementor-element-58e8111e elementor-section-boxed elementor-section-height-default elementor-section-height-default\" data-id=\"58e8111e\" data-element_type=\"section\">\n\t\t\t\t\t\t<div class=\"elementor-container elementor-column-gap-default\">\n\t\t\t\t\t<div class=\"elementor-column elementor-col-100 elementor-top-column elementor-element elementor-element-41d05599\" data-id=\"41d05599\" data-element_type=\"column\">\n\t\t\t<div class=\"elementor-widget-wrap elementor-element-populated\">\n\t\t\t\t\t\t<div class=\"elementor-element elementor-element-eb4fbe6 elementor-widget elementor-widget-heading\" data-id=\"eb4fbe6\" data-element_type=\"widget\" data-widget_type=\"heading.default\">\n\t\t\t\t<div class=\"elementor-widget-container\">\n\t\t\t\t\t<h2 class=\"elementor-heading-title elementor-size-default\">CARRINHO<\/h2>\t\t\t\t<\/div>\n\t\t\t\t<\/div>\n\t\t\t\t<section class=\"elementor-section elementor-inner-section elementor-element elementor-element-38c486a elementor-section-boxed elementor-section-height-default elementor-section-height-default\" data-id=\"38c486a\" data-element_type=\"section\">\n\t\t\t\t\t\t<div class=\"elementor-container elementor-column-gap-default\">\n\t\t\t\t\t<div class=\"elementor-column elementor-col-50 elementor-inner-column elementor-element elementor-element-19a2eee\" data-id=\"19a2eee\" data-element_type=\"column\">\n\t\t\t<div class=\"elementor-widget-wrap elementor-element-populated\">\n\t\t\t\t\t\t<div class=\"elementor-element elementor-element-c2b79ba elementor-widget elementor-widget-text-editor\" data-id=\"c2b79ba\" data-element_type=\"widget\" data-widget_type=\"text-editor.default\">\n\t\t\t\t<div class=\"elementor-widget-container\">\n\t\t\t\t\t\t\t\t\t<p>Quer mais Cevada? Clique em &#8220;Continuar comprando&#8221;<\/p>\t\t\t\t\t\t\t\t<\/div>\n\t\t\t\t<\/div>\n\t\t\t\t\t<\/div>\n\t\t<\/div>\n\t\t\t\t<div class=\"elementor-column elementor-col-50 elementor-inner-column elementor-element elementor-element-53792d1\" data-id=\"53792d1\" data-element_type=\"column\">\n\t\t\t<div class=\"elementor-widget-wrap elementor-element-populated\">\n\t\t\t\t\t\t<div class=\"elementor-element elementor-element-e1f484b elementor-widget elementor-widget-button\" data-id=\"e1f484b\" data-element_type=\"widget\" data-widget_type=\"button.default\">\n\t\t\t\t<div class=\"elementor-widget-container\">\n\t\t\t\t\t\t\t\t\t<div class=\"elementor-button-wrapper\">\n\t\t\t\t\t<a class=\"elementor-button elementor-button-link elementor-size-md\" href=\"https:\/\/www.cevadapura.com.br\/loja\/\">\n\t\t\t\t\t\t<span class=\"elementor-button-content-wrapper\">\n\t\t\t\t\t\t\t\t\t<span class=\"elementor-button-text\">Continuar comprando<\/span>\n\t\t\t\t\t<\/span>\n\t\t\t\t\t<\/a>\n\t\t\t\t<\/div>\n\t\t\t\t\t\t\t\t<\/div>\n\t\t\t\t<\/div>\n\t\t\t\t\t<\/div>\n\t\t<\/div>\n\t\t\t\t\t<\/div>\n\t\t<\/section>\n\t\t\t\t<div class=\"elementor-element elementor-element-3c93f175 elementor-widget elementor-widget-text-editor\" data-id=\"3c93f175\" data-element_type=\"widget\" data-widget_type=\"text-editor.default\">\n\t\t\t\t<div class=\"elementor-widget-container\"><\/div>\n\t\t\t\t<\/div>\n\t\t\t\t\t<\/div>\n\t\t<\/div>\n\t\t\t\t\t<\/div>\n\t\t<\/section>\t\t<\/div>\n\t\t","protected":false},"excerpt":{"rendered":"<p>CARRINHO Quer mais Cevada? Clique em &#8220;Continuar comprando&#8221; Continuar comprando<\/p>\n","protected":false},"author":1,"featured_media":0,"parent":0,"menu_order":0,"comment_status":"closed","ping_status":"closed","template":"","meta":{"footnotes":""},"class_list":["post-7","page","type-page","status-publish","hentry"],"yoast_head":"<!-- This site is optimized with the Yoast SEO plugin v25.2 - https:\/\/yoast.com\/wordpress\/plugins\/seo\/ -->\n<title>Carrinho - Loja Cevada Pura<\/title>\n<meta name=\"description\" content=\"Somos a CEVADA PURA! Uma Cervejaria aut\u00eantica, reconhecida e premiada em festivais nacionais e internacionais! Sejam bem vindos ao mundo Cevada Pura! Mais de 15 r\u00f3tulos, sendo eles de linha e sazonais, buscando atender todos os perfis sensoriais dos nossos consumidores. Cevada Pura \u00e9 f\u00e1brica, tap house, distribuidora e franquiadora, estamos sempre em busca de inova\u00e7\u00e3o e qualidade.\" \/>\n<meta name=\"robots\" content=\"index, follow, max-snippet:-1, max-image-preview:large, max-video-preview:-1\" \/>\n<link rel=\"canonical\" href=\"https:\/\/www.cevadapura.com.br\/loja\/carrinho\/\" \/>\n<meta property=\"og:locale\" content=\"pt_BR\" \/>\n<meta property=\"og:type\" content=\"article\" \/>\n<meta property=\"og:title\" content=\"Carrinho - Loja Cevada Pura\" \/>\n<meta property=\"og:description\" content=\"Somos a CEVADA PURA! Uma Cervejaria aut\u00eantica, reconhecida e premiada em festivais nacionais e internacionais! Sejam bem vindos ao mundo Cevada Pura! Mais de 15 r\u00f3tulos, sendo eles de linha e sazonais, buscando atender todos os perfis sensoriais dos nossos consumidores. Cevada Pura \u00e9 f\u00e1brica, tap house, distribuidora e franquiadora, estamos sempre em busca de inova\u00e7\u00e3o e qualidade.\" \/>\n<meta property=\"og:url\" content=\"https:\/\/www.cevadapura.com.br\/loja\/carrinho\/\" \/>\n<meta property=\"og:site_name\" content=\"Loja Cevada Pura\" \/>\n<meta property=\"article:publisher\" content=\"https:\/\/www.facebook.com\/CevadaPura\" \/>\n<meta property=\"article:modified_time\" content=\"2020-12-17T11:15:07+00:00\" \/>\n<meta name=\"twitter:card\" content=\"summary_large_image\" \/>\n<script type=\"application\/ld+json\" class=\"yoast-schema-graph\">{\"@context\":\"https:\/\/schema.org\",\"@graph\":[{\"@type\":\"WebPage\",\"@id\":\"https:\/\/www.cevadapura.com.br\/loja\/carrinho\/\",\"url\":\"https:\/\/www.cevadapura.com.br\/loja\/carrinho\/\",\"name\":\"Carrinho - Loja Cevada Pura\",\"isPartOf\":{\"@id\":\"https:\/\/www.cevadapura.com.br\/loja\/#website\"},\"datePublished\":\"2020-12-10T19:43:13+00:00\",\"dateModified\":\"2020-12-17T11:15:07+00:00\",\"description\":\"Somos a CEVADA PURA! Uma Cervejaria aut\u00eantica, reconhecida e premiada em festivais nacionais e internacionais! Sejam bem vindos ao mundo Cevada Pura! Mais de 15 r\u00f3tulos, sendo eles de linha e sazonais, buscando atender todos os perfis sensoriais dos nossos consumidores. Cevada Pura \u00e9 f\u00e1brica, tap house, distribuidora e franquiadora, estamos sempre em busca de inova\u00e7\u00e3o e qualidade.\",\"breadcrumb\":{\"@id\":\"https:\/\/www.cevadapura.com.br\/loja\/carrinho\/#breadcrumb\"},\"inLanguage\":\"pt-BR\",\"potentialAction\":[{\"@type\":\"ReadAction\",\"target\":[\"https:\/\/www.cevadapura.com.br\/loja\/carrinho\/\"]}]},{\"@type\":\"BreadcrumbList\",\"@id\":\"https:\/\/www.cevadapura.com.br\/loja\/carrinho\/#breadcrumb\",\"itemListElement\":[{\"@type\":\"ListItem\",\"position\":1,\"name\":\"Home\",\"item\":\"https:\/\/www.cevadapura.com.br\/loja\/\"},{\"@type\":\"ListItem\",\"position\":2,\"name\":\"Carrinho\"}]},{\"@type\":\"WebSite\",\"@id\":\"https:\/\/www.cevadapura.com.br\/loja\/#website\",\"url\":\"https:\/\/www.cevadapura.com.br\/loja\/\",\"name\":\"Loja Cevada Pura\",\"description\":\"Desde 2001\",\"publisher\":{\"@id\":\"https:\/\/www.cevadapura.com.br\/loja\/#organization\"},\"potentialAction\":[{\"@type\":\"SearchAction\",\"target\":{\"@type\":\"EntryPoint\",\"urlTemplate\":\"https:\/\/www.cevadapura.com.br\/loja\/?s={search_term_string}\"},\"query-input\":{\"@type\":\"PropertyValueSpecification\",\"valueRequired\":true,\"valueName\":\"search_term_string\"}}],\"inLanguage\":\"pt-BR\"},{\"@type\":\"Organization\",\"@id\":\"https:\/\/www.cevadapura.com.br\/loja\/#organization\",\"name\":\"CEVADA PURA\",\"url\":\"https:\/\/www.cevadapura.com.br\/loja\/\",\"logo\":{\"@type\":\"ImageObject\",\"inLanguage\":\"pt-BR\",\"@id\":\"https:\/\/www.cevadapura.com.br\/loja\/#\/schema\/logo\/image\/\",\"url\":\"https:\/\/www.cevadapura.com.br\/loja\/wp-content\/uploads\/2020\/12\/cropped-logo-cevadapura-preto-200px-1.png\",\"contentUrl\":\"https:\/\/www.cevadapura.com.br\/loja\/wp-content\/uploads\/2020\/12\/cropped-logo-cevadapura-preto-200px-1.png\",\"width\":512,\"height\":512,\"caption\":\"CEVADA PURA\"},\"image\":{\"@id\":\"https:\/\/www.cevadapura.com.br\/loja\/#\/schema\/logo\/image\/\"},\"sameAs\":[\"https:\/\/www.facebook.com\/CevadaPura\"]}]}<\/script>\n<!-- \/ Yoast SEO plugin. -->","yoast_head_json":{"title":"Carrinho - Loja Cevada Pura","description":"Somos a CEVADA PURA! Uma Cervejaria aut\u00eantica, reconhecida e premiada em festivais nacionais e internacionais! Sejam bem vindos ao mundo Cevada Pura! Mais de 15 r\u00f3tulos, sendo eles de linha e sazonais, buscando atender todos os perfis sensoriais dos nossos consumidores. Cevada Pura \u00e9 f\u00e1brica, tap house, distribuidora e franquiadora, estamos sempre em busca de inova\u00e7\u00e3o e qualidade.","robots":{"index":"index","follow":"follow","max-snippet":"max-snippet:-1","max-image-preview":"max-image-preview:large","max-video-preview":"max-video-preview:-1"},"canonical":"https:\/\/www.cevadapura.com.br\/loja\/carrinho\/","og_locale":"pt_BR","og_type":"article","og_title":"Carrinho - Loja Cevada Pura","og_description":"Somos a CEVADA PURA! Uma Cervejaria aut\u00eantica, reconhecida e premiada em festivais nacionais e internacionais! Sejam bem vindos ao mundo Cevada Pura! Mais de 15 r\u00f3tulos, sendo eles de linha e sazonais, buscando atender todos os perfis sensoriais dos nossos consumidores. Cevada Pura \u00e9 f\u00e1brica, tap house, distribuidora e franquiadora, estamos sempre em busca de inova\u00e7\u00e3o e qualidade.","og_url":"https:\/\/www.cevadapura.com.br\/loja\/carrinho\/","og_site_name":"Loja Cevada Pura","article_publisher":"https:\/\/www.facebook.com\/CevadaPura","article_modified_time":"2020-12-17T11:15:07+00:00","twitter_card":"summary_large_image","schema":{"@context":"https:\/\/schema.org","@graph":[{"@type":"WebPage","@id":"https:\/\/www.cevadapura.com.br\/loja\/carrinho\/","url":"https:\/\/www.cevadapura.com.br\/loja\/carrinho\/","name":"Carrinho - Loja Cevada Pura","isPartOf":{"@id":"https:\/\/www.cevadapura.com.br\/loja\/#website"},"datePublished":"2020-12-10T19:43:13+00:00","dateModified":"2020-12-17T11:15:07+00:00","description":"Somos a CEVADA PURA! Uma Cervejaria aut\u00eantica, reconhecida e premiada em festivais nacionais e internacionais! Sejam bem vindos ao mundo Cevada Pura! Mais de 15 r\u00f3tulos, sendo eles de linha e sazonais, buscando atender todos os perfis sensoriais dos nossos consumidores. Cevada Pura \u00e9 f\u00e1brica, tap house, distribuidora e franquiadora, estamos sempre em busca de inova\u00e7\u00e3o e qualidade.","breadcrumb":{"@id":"https:\/\/www.cevadapura.com.br\/loja\/carrinho\/#breadcrumb"},"inLanguage":"pt-BR","potentialAction":[{"@type":"ReadAction","target":["https:\/\/www.cevadapura.com.br\/loja\/carrinho\/"]}]},{"@type":"BreadcrumbList","@id":"https:\/\/www.cevadapura.com.br\/loja\/carrinho\/#breadcrumb","itemListElement":[{"@type":"ListItem","position":1,"name":"Home","item":"https:\/\/www.cevadapura.com.br\/loja\/"},{"@type":"ListItem","position":2,"name":"Carrinho"}]},{"@type":"WebSite","@id":"https:\/\/www.cevadapura.com.br\/loja\/#website","url":"https:\/\/www.cevadapura.com.br\/loja\/","name":"Loja Cevada Pura","description":"Desde 2001","publisher":{"@id":"https:\/\/www.cevadapura.com.br\/loja\/#organization"},"potentialAction":[{"@type":"SearchAction","target":{"@type":"EntryPoint","urlTemplate":"https:\/\/www.cevadapura.com.br\/loja\/?s={search_term_string}"},"query-input":{"@type":"PropertyValueSpecification","valueRequired":true,"valueName":"search_term_string"}}],"inLanguage":"pt-BR"},{"@type":"Organization","@id":"https:\/\/www.cevadapura.com.br\/loja\/#organization","name":"CEVADA PURA","url":"https:\/\/www.cevadapura.com.br\/loja\/","logo":{"@type":"ImageObject","inLanguage":"pt-BR","@id":"https:\/\/www.cevadapura.com.br\/loja\/#\/schema\/logo\/image\/","url":"https:\/\/www.cevadapura.com.br\/loja\/wp-content\/uploads\/2020\/12\/cropped-logo-cevadapura-preto-200px-1.png","contentUrl":"https:\/\/www.cevadapura.com.br\/loja\/wp-content\/uploads\/2020\/12\/cropped-logo-cevadapura-preto-200px-1.png","width":512,"height":512,"caption":"CEVADA PURA"},"image":{"@id":"https:\/\/www.cevadapura.com.br\/loja\/#\/schema\/logo\/image\/"},"sameAs":["https:\/\/www.facebook.com\/CevadaPura"]}]}},"_links":{"self":[{"href":"https:\/\/www.cevadapura.com.br\/loja\/wp-json\/wp\/v2\/pages\/7","targetHints":{"allow":["GET"]}}],"collection":[{"href":"https:\/\/www.cevadapura.com.br\/loja\/wp-json\/wp\/v2\/pages"}],"about":[{"href":"https:\/\/www.cevadapura.com.br\/loja\/wp-json\/wp\/v2\/types\/page"}],"author":[{"embeddable":true,"href":"https:\/\/www.cevadapura.com.br\/loja\/wp-json\/wp\/v2\/users\/1"}],"replies":[{"embeddable":true,"href":"https:\/\/www.cevadapura.com.br\/loja\/wp-json\/wp\/v2\/comments?post=7"}],"version-history":[{"count":9,"href":"https:\/\/www.cevadapura.com.br\/loja\/wp-json\/wp\/v2\/pages\/7\/revisions"}],"predecessor-version":[{"id":470,"href":"https:\/\/www.cevadapura.com.br\/loja\/wp-json\/wp\/v2\/pages\/7\/revisions\/470"}],"wp:attachment":[{"href":"https:\/\/www.cevadapura.com.br\/loja\/wp-json\/wp\/v2\/media?parent=7"}],"curies":[{"name":"wp","href":"https:\/\/api.w.org\/{rel}","templated":true}]}}