{"id":74,"date":"2020-08-19T16:31:49","date_gmt":"2020-08-19T16:31:49","guid":{"rendered":"https:\/\/donawebedesign.com.br\/lojacevadapura\/?page_id=74"},"modified":"2022-06-24T19:07:52","modified_gmt":"2022-06-24T19:07:52","slug":"contatos","status":"publish","type":"page","link":"https:\/\/www.cevadapura.com.br\/loja\/contatos\/","title":{"rendered":"Contatos"},"content":{"rendered":"\t\t<div data-elementor-type=\"wp-page\" data-elementor-id=\"74\" class=\"elementor elementor-74\" data-elementor-post-type=\"page\">\n\t\t\t\t\t\t<section class=\"elementor-section elementor-top-section elementor-element elementor-element-7102907 elementor-section-boxed elementor-section-height-default elementor-section-height-default\" data-id=\"7102907\" data-element_type=\"section\">\n\t\t\t\t\t\t<div class=\"elementor-container elementor-column-gap-default\">\n\t\t\t\t\t<div class=\"elementor-column elementor-col-100 elementor-top-column elementor-element elementor-element-c687d3c\" data-id=\"c687d3c\" data-element_type=\"column\">\n\t\t\t<div class=\"elementor-widget-wrap elementor-element-populated\">\n\t\t\t\t\t\t<div class=\"elementor-element elementor-element-2fc8313 elementor-widget elementor-widget-heading\" data-id=\"2fc8313\" data-element_type=\"widget\" data-widget_type=\"heading.default\">\n\t\t\t\t<div class=\"elementor-widget-container\">\n\t\t\t\t\t<h1 class=\"elementor-heading-title elementor-size-default\">Entre em contato conosco<\/h1>\t\t\t\t<\/div>\n\t\t\t\t<\/div>\n\t\t\t\t<div class=\"elementor-element elementor-element-82eeead elementor-widget elementor-widget-text-editor\" data-id=\"82eeead\" data-element_type=\"widget\" data-widget_type=\"text-editor.default\">\n\t\t\t\t<div class=\"elementor-widget-container\">\n\t\t\t\t\t\t\t\t\t<p>Alguma d\u00favida, sugest\u00e3o ou solicita\u00e7\u00e3o? Mande uma mensagem atrav\u00e9s do formul\u00e1rio abaixo que retornaremos seu contato.<\/p>\t\t\t\t\t\t\t\t<\/div>\n\t\t\t\t<\/div>\n\t\t\t\t<div class=\"elementor-element elementor-element-d62410f elementor-button-align-stretch elementor-widget elementor-widget-form\" data-id=\"d62410f\" data-element_type=\"widget\" data-settings=\"{&quot;step_next_label&quot;:&quot;Next&quot;,&quot;step_previous_label&quot;:&quot;Previous&quot;,&quot;button_width&quot;:&quot;100&quot;,&quot;step_type&quot;:&quot;number_text&quot;,&quot;step_icon_shape&quot;:&quot;circle&quot;}\" data-widget_type=\"form.default\">\n\t\t\t\t<div class=\"elementor-widget-container\">\n\t\t\t\t\t\t\t<form class=\"elementor-form\" method=\"post\" name=\"Franquia\">\n\t\t\t<input type=\"hidden\" name=\"post_id\" value=\"74\"\/>\n\t\t\t<input type=\"hidden\" name=\"form_id\" value=\"d62410f\"\/>\n\t\t\t<input type=\"hidden\" name=\"referer_title\" value=\"Loja Cevada Pura\" \/>\n\n\t\t\t\n\t\t\t<div class=\"elementor-form-fields-wrapper elementor-labels-\">\n\t\t\t\t\t\t\t\t<div class=\"elementor-field-type-text elementor-field-group elementor-column elementor-field-group-name elementor-col-50 elementor-field-required\">\n\t\t\t\t\t\t\t\t\t\t\t\t<label for=\"form-field-name\" class=\"elementor-field-label elementor-screen-only\">\n\t\t\t\t\t\t\t\tNome\t\t\t\t\t\t\t<\/label>\n\t\t\t\t\t\t\t\t\t\t\t\t\t\t<input size=\"1\" type=\"text\" name=\"form_fields[name]\" id=\"form-field-name\" class=\"elementor-field elementor-size-md  elementor-field-textual\" placeholder=\"Nome\" required=\"required\" aria-required=\"true\">\n\t\t\t\t\t\t\t\t\t\t\t<\/div>\n\t\t\t\t\t\t\t\t<div class=\"elementor-field-type-text elementor-field-group elementor-column elementor-field-group-field_01d2e1d elementor-col-50 elementor-field-required\">\n\t\t\t\t\t\t\t\t\t\t\t\t<label for=\"form-field-field_01d2e1d\" class=\"elementor-field-label elementor-screen-only\">\n\t\t\t\t\t\t\t\tSobrenome\t\t\t\t\t\t\t<\/label>\n\t\t\t\t\t\t\t\t\t\t\t\t\t\t<input size=\"1\" type=\"text\" name=\"form_fields[field_01d2e1d]\" id=\"form-field-field_01d2e1d\" class=\"elementor-field elementor-size-md  elementor-field-textual\" placeholder=\"Sobrenome\" required=\"required\" aria-required=\"true\">\n\t\t\t\t\t\t\t\t\t\t\t<\/div>\n\t\t\t\t\t\t\t\t<div class=\"elementor-field-type-email elementor-field-group elementor-column elementor-field-group-email elementor-col-50 elementor-field-required\">\n\t\t\t\t\t\t\t\t\t\t\t\t<label for=\"form-field-email\" class=\"elementor-field-label elementor-screen-only\">\n\t\t\t\t\t\t\t\tEmail\t\t\t\t\t\t\t<\/label>\n\t\t\t\t\t\t\t\t\t\t\t\t\t\t<input size=\"1\" type=\"email\" name=\"form_fields[email]\" id=\"form-field-email\" class=\"elementor-field elementor-size-md  elementor-field-textual\" placeholder=\"Email\" required=\"required\" aria-required=\"true\">\n\t\t\t\t\t\t\t\t\t\t\t<\/div>\n\t\t\t\t\t\t\t\t<div class=\"elementor-field-type-tel elementor-field-group elementor-column elementor-field-group-field_19e0941 elementor-col-50 elementor-field-required\">\n\t\t\t\t\t\t\t\t\t\t\t\t<label for=\"form-field-field_19e0941\" class=\"elementor-field-label elementor-screen-only\">\n\t\t\t\t\t\t\t\tTelefone\t\t\t\t\t\t\t<\/label>\n\t\t\t\t\t\t\t\t<input size=\"1\" type=\"tel\" name=\"form_fields[field_19e0941]\" id=\"form-field-field_19e0941\" class=\"elementor-field elementor-size-md  elementor-field-textual\" placeholder=\"Telefone\" required=\"required\" aria-required=\"true\" pattern=\"[0-9()#&amp;+*-=.]+\" title=\"Apenas n\u00fameros e caracteres de telefone (#, -, *, etc.) s\u00e3o aceitos.\">\n\n\t\t\t\t\t\t<\/div>\n\t\t\t\t\t\t\t\t<div class=\"elementor-field-type-textarea elementor-field-group elementor-column elementor-field-group-field_c36baf2 elementor-col-100\">\n\t\t\t\t\t<textarea class=\"elementor-field-textual elementor-field  elementor-size-md\" name=\"form_fields[field_c36baf2]\" id=\"form-field-field_c36baf2\" rows=\"4\"><\/textarea>\t\t\t\t<\/div>\n\t\t\t\t\t\t\t\t<div class=\"elementor-field-group elementor-column elementor-field-type-submit elementor-col-100 e-form__buttons\">\n\t\t\t\t\t<button type=\"submit\" class=\"elementor-button elementor-size-md\">\n\t\t\t\t\t\t<span >\n\t\t\t\t\t\t\t\t\t\t\t\t\t\t\t<span class=\" elementor-button-icon\">\n\t\t\t\t\t\t\t\t\t\t\t\t\t\t\t\t\t\t\t\t\t\t\t\t\t\t<\/span>\n\t\t\t\t\t\t\t\t\t\t\t\t\t\t\t\t\t\t\t\t\t\t<span class=\"elementor-button-text\">ENVIAR<\/span>\n\t\t\t\t\t\t\t\t\t\t\t\t\t<\/span>\n\t\t\t\t\t<\/button>\n\t\t\t\t<\/div>\n\t\t\t<\/div>\n\t\t<\/form>\n\t\t\t\t\t\t<\/div>\n\t\t\t\t<\/div>\n\t\t\t\t\t<\/div>\n\t\t<\/div>\n\t\t\t\t\t<\/div>\n\t\t<\/section>\n\t\t\t\t<section class=\"elementor-section elementor-top-section elementor-element elementor-element-f60b31c elementor-section-boxed elementor-section-height-default elementor-section-height-default\" data-id=\"f60b31c\" data-element_type=\"section\">\n\t\t\t\t\t\t<div class=\"elementor-container elementor-column-gap-default\">\n\t\t\t\t\t<div class=\"elementor-column elementor-col-100 elementor-top-column elementor-element elementor-element-7179c08\" data-id=\"7179c08\" data-element_type=\"column\">\n\t\t\t<div class=\"elementor-widget-wrap elementor-element-populated\">\n\t\t\t\t\t\t<div class=\"elementor-element elementor-element-bfc4f07 elementor-icon-list--layout-inline elementor-align-center elementor-list-item-link-full_width elementor-widget elementor-widget-icon-list\" data-id=\"bfc4f07\" data-element_type=\"widget\" data-widget_type=\"icon-list.default\">\n\t\t\t\t<div class=\"elementor-widget-container\">\n\t\t\t\t\t\t\t<ul class=\"elementor-icon-list-items elementor-inline-items\">\n\t\t\t\t\t\t\t<li class=\"elementor-icon-list-item elementor-inline-item\">\n\t\t\t\t\t\t\t\t\t\t\t<span class=\"elementor-icon-list-icon\">\n\t\t\t\t\t\t\t<i aria-hidden=\"true\" class=\"fab fa-whatsapp\"><\/i>\t\t\t\t\t\t<\/span>\n\t\t\t\t\t\t\t\t\t\t<span class=\"elementor-icon-list-text\">(19) 97418-0141<\/span>\n\t\t\t\t\t\t\t\t\t<\/li>\n\t\t\t\t\t\t\t\t<li class=\"elementor-icon-list-item elementor-inline-item\">\n\t\t\t\t\t\t\t\t\t\t\t<span class=\"elementor-icon-list-icon\">\n\t\t\t\t\t\t\t<i aria-hidden=\"true\" class=\"fas fa-phone-alt\"><\/i>\t\t\t\t\t\t<\/span>\n\t\t\t\t\t\t\t\t\t\t<span class=\"elementor-icon-list-text\">(19) 3403-2929<\/span>\n\t\t\t\t\t\t\t\t\t<\/li>\n\t\t\t\t\t\t<\/ul>\n\t\t\t\t\t\t<\/div>\n\t\t\t\t<\/div>\n\t\t\t\t\t<\/div>\n\t\t<\/div>\n\t\t\t\t\t<\/div>\n\t\t<\/section>\n\t\t\t\t<\/div>\n\t\t","protected":false},"excerpt":{"rendered":"<p>Entre em contato conosco Alguma d\u00favida, sugest\u00e3o ou solicita\u00e7\u00e3o? Mande uma mensagem atrav\u00e9s do formul\u00e1rio abaixo que retornaremos seu contato. (19) 97418-0141 (19) 3403-2929<\/p>\n","protected":false},"author":1,"featured_media":0,"parent":0,"menu_order":0,"comment_status":"closed","ping_status":"closed","template":"","meta":{"footnotes":""},"class_list":["post-74","page","type-page","status-publish","hentry"],"yoast_head":"<!-- This site is optimized with the Yoast SEO plugin v25.2 - https:\/\/yoast.com\/wordpress\/plugins\/seo\/ -->\n<title>Contatos - Loja Cevada Pura<\/title>\n<meta name=\"description\" content=\"Somos a CEVADA PURA! Uma Cervejaria aut\u00eantica, reconhecida e premiada em festivais nacionais e internacionais! Sejam bem vindos ao mundo Cevada Pura! Mais de 15 r\u00f3tulos, sendo eles de linha e sazonais, buscando atender todos os perfis sensoriais dos nossos consumidores. Cevada Pura \u00e9 f\u00e1brica, tap house, distribuidora e franquiadora, estamos sempre em busca de inova\u00e7\u00e3o e qualidade.\" \/>\n<meta name=\"robots\" content=\"index, follow, max-snippet:-1, max-image-preview:large, max-video-preview:-1\" \/>\n<link rel=\"canonical\" href=\"https:\/\/www.cevadapura.com.br\/loja\/contatos\/\" \/>\n<meta property=\"og:locale\" content=\"pt_BR\" \/>\n<meta property=\"og:type\" content=\"article\" \/>\n<meta property=\"og:title\" content=\"Contatos - Loja Cevada Pura\" \/>\n<meta property=\"og:description\" content=\"Somos a CEVADA PURA! Uma Cervejaria aut\u00eantica, reconhecida e premiada em festivais nacionais e internacionais! Sejam bem vindos ao mundo Cevada Pura! Mais de 15 r\u00f3tulos, sendo eles de linha e sazonais, buscando atender todos os perfis sensoriais dos nossos consumidores. Cevada Pura \u00e9 f\u00e1brica, tap house, distribuidora e franquiadora, estamos sempre em busca de inova\u00e7\u00e3o e qualidade.\" \/>\n<meta property=\"og:url\" content=\"https:\/\/www.cevadapura.com.br\/loja\/contatos\/\" \/>\n<meta property=\"og:site_name\" content=\"Loja Cevada Pura\" \/>\n<meta property=\"article:publisher\" content=\"https:\/\/www.facebook.com\/CevadaPura\" \/>\n<meta property=\"article:modified_time\" content=\"2022-06-24T19:07:52+00:00\" \/>\n<meta name=\"twitter:card\" content=\"summary_large_image\" \/>\n<script type=\"application\/ld+json\" class=\"yoast-schema-graph\">{\"@context\":\"https:\/\/schema.org\",\"@graph\":[{\"@type\":\"WebPage\",\"@id\":\"https:\/\/www.cevadapura.com.br\/loja\/contatos\/\",\"url\":\"https:\/\/www.cevadapura.com.br\/loja\/contatos\/\",\"name\":\"Contatos - Loja Cevada Pura\",\"isPartOf\":{\"@id\":\"https:\/\/www.cevadapura.com.br\/loja\/#website\"},\"datePublished\":\"2020-08-19T16:31:49+00:00\",\"dateModified\":\"2022-06-24T19:07:52+00:00\",\"description\":\"Somos a CEVADA PURA! Uma Cervejaria aut\u00eantica, reconhecida e premiada em festivais nacionais e internacionais! Sejam bem vindos ao mundo Cevada Pura! Mais de 15 r\u00f3tulos, sendo eles de linha e sazonais, buscando atender todos os perfis sensoriais dos nossos consumidores. Cevada Pura \u00e9 f\u00e1brica, tap house, distribuidora e franquiadora, estamos sempre em busca de inova\u00e7\u00e3o e qualidade.\",\"breadcrumb\":{\"@id\":\"https:\/\/www.cevadapura.com.br\/loja\/contatos\/#breadcrumb\"},\"inLanguage\":\"pt-BR\",\"potentialAction\":[{\"@type\":\"ReadAction\",\"target\":[\"https:\/\/www.cevadapura.com.br\/loja\/contatos\/\"]}]},{\"@type\":\"BreadcrumbList\",\"@id\":\"https:\/\/www.cevadapura.com.br\/loja\/contatos\/#breadcrumb\",\"itemListElement\":[{\"@type\":\"ListItem\",\"position\":1,\"name\":\"Home\",\"item\":\"https:\/\/www.cevadapura.com.br\/loja\/\"},{\"@type\":\"ListItem\",\"position\":2,\"name\":\"Contatos\"}]},{\"@type\":\"WebSite\",\"@id\":\"https:\/\/www.cevadapura.com.br\/loja\/#website\",\"url\":\"https:\/\/www.cevadapura.com.br\/loja\/\",\"name\":\"Loja Cevada Pura\",\"description\":\"Desde 2001\",\"publisher\":{\"@id\":\"https:\/\/www.cevadapura.com.br\/loja\/#organization\"},\"potentialAction\":[{\"@type\":\"SearchAction\",\"target\":{\"@type\":\"EntryPoint\",\"urlTemplate\":\"https:\/\/www.cevadapura.com.br\/loja\/?s={search_term_string}\"},\"query-input\":{\"@type\":\"PropertyValueSpecification\",\"valueRequired\":true,\"valueName\":\"search_term_string\"}}],\"inLanguage\":\"pt-BR\"},{\"@type\":\"Organization\",\"@id\":\"https:\/\/www.cevadapura.com.br\/loja\/#organization\",\"name\":\"CEVADA PURA\",\"url\":\"https:\/\/www.cevadapura.com.br\/loja\/\",\"logo\":{\"@type\":\"ImageObject\",\"inLanguage\":\"pt-BR\",\"@id\":\"https:\/\/www.cevadapura.com.br\/loja\/#\/schema\/logo\/image\/\",\"url\":\"https:\/\/www.cevadapura.com.br\/loja\/wp-content\/uploads\/2020\/12\/cropped-logo-cevadapura-preto-200px-1.png\",\"contentUrl\":\"https:\/\/www.cevadapura.com.br\/loja\/wp-content\/uploads\/2020\/12\/cropped-logo-cevadapura-preto-200px-1.png\",\"width\":512,\"height\":512,\"caption\":\"CEVADA PURA\"},\"image\":{\"@id\":\"https:\/\/www.cevadapura.com.br\/loja\/#\/schema\/logo\/image\/\"},\"sameAs\":[\"https:\/\/www.facebook.com\/CevadaPura\"]}]}<\/script>\n<!-- \/ Yoast SEO plugin. -->","yoast_head_json":{"title":"Contatos - Loja Cevada Pura","description":"Somos a CEVADA PURA! Uma Cervejaria aut\u00eantica, reconhecida e premiada em festivais nacionais e internacionais! Sejam bem vindos ao mundo Cevada Pura! Mais de 15 r\u00f3tulos, sendo eles de linha e sazonais, buscando atender todos os perfis sensoriais dos nossos consumidores. Cevada Pura \u00e9 f\u00e1brica, tap house, distribuidora e franquiadora, estamos sempre em busca de inova\u00e7\u00e3o e qualidade.","robots":{"index":"index","follow":"follow","max-snippet":"max-snippet:-1","max-image-preview":"max-image-preview:large","max-video-preview":"max-video-preview:-1"},"canonical":"https:\/\/www.cevadapura.com.br\/loja\/contatos\/","og_locale":"pt_BR","og_type":"article","og_title":"Contatos - Loja Cevada Pura","og_description":"Somos a CEVADA PURA! Uma Cervejaria aut\u00eantica, reconhecida e premiada em festivais nacionais e internacionais! Sejam bem vindos ao mundo Cevada Pura! Mais de 15 r\u00f3tulos, sendo eles de linha e sazonais, buscando atender todos os perfis sensoriais dos nossos consumidores. Cevada Pura \u00e9 f\u00e1brica, tap house, distribuidora e franquiadora, estamos sempre em busca de inova\u00e7\u00e3o e qualidade.","og_url":"https:\/\/www.cevadapura.com.br\/loja\/contatos\/","og_site_name":"Loja Cevada Pura","article_publisher":"https:\/\/www.facebook.com\/CevadaPura","article_modified_time":"2022-06-24T19:07:52+00:00","twitter_card":"summary_large_image","schema":{"@context":"https:\/\/schema.org","@graph":[{"@type":"WebPage","@id":"https:\/\/www.cevadapura.com.br\/loja\/contatos\/","url":"https:\/\/www.cevadapura.com.br\/loja\/contatos\/","name":"Contatos - Loja Cevada Pura","isPartOf":{"@id":"https:\/\/www.cevadapura.com.br\/loja\/#website"},"datePublished":"2020-08-19T16:31:49+00:00","dateModified":"2022-06-24T19:07:52+00:00","description":"Somos a CEVADA PURA! Uma Cervejaria aut\u00eantica, reconhecida e premiada em festivais nacionais e internacionais! Sejam bem vindos ao mundo Cevada Pura! Mais de 15 r\u00f3tulos, sendo eles de linha e sazonais, buscando atender todos os perfis sensoriais dos nossos consumidores. Cevada Pura \u00e9 f\u00e1brica, tap house, distribuidora e franquiadora, estamos sempre em busca de inova\u00e7\u00e3o e qualidade.","breadcrumb":{"@id":"https:\/\/www.cevadapura.com.br\/loja\/contatos\/#breadcrumb"},"inLanguage":"pt-BR","potentialAction":[{"@type":"ReadAction","target":["https:\/\/www.cevadapura.com.br\/loja\/contatos\/"]}]},{"@type":"BreadcrumbList","@id":"https:\/\/www.cevadapura.com.br\/loja\/contatos\/#breadcrumb","itemListElement":[{"@type":"ListItem","position":1,"name":"Home","item":"https:\/\/www.cevadapura.com.br\/loja\/"},{"@type":"ListItem","position":2,"name":"Contatos"}]},{"@type":"WebSite","@id":"https:\/\/www.cevadapura.com.br\/loja\/#website","url":"https:\/\/www.cevadapura.com.br\/loja\/","name":"Loja Cevada Pura","description":"Desde 2001","publisher":{"@id":"https:\/\/www.cevadapura.com.br\/loja\/#organization"},"potentialAction":[{"@type":"SearchAction","target":{"@type":"EntryPoint","urlTemplate":"https:\/\/www.cevadapura.com.br\/loja\/?s={search_term_string}"},"query-input":{"@type":"PropertyValueSpecification","valueRequired":true,"valueName":"search_term_string"}}],"inLanguage":"pt-BR"},{"@type":"Organization","@id":"https:\/\/www.cevadapura.com.br\/loja\/#organization","name":"CEVADA PURA","url":"https:\/\/www.cevadapura.com.br\/loja\/","logo":{"@type":"ImageObject","inLanguage":"pt-BR","@id":"https:\/\/www.cevadapura.com.br\/loja\/#\/schema\/logo\/image\/","url":"https:\/\/www.cevadapura.com.br\/loja\/wp-content\/uploads\/2020\/12\/cropped-logo-cevadapura-preto-200px-1.png","contentUrl":"https:\/\/www.cevadapura.com.br\/loja\/wp-content\/uploads\/2020\/12\/cropped-logo-cevadapura-preto-200px-1.png","width":512,"height":512,"caption":"CEVADA PURA"},"image":{"@id":"https:\/\/www.cevadapura.com.br\/loja\/#\/schema\/logo\/image\/"},"sameAs":["https:\/\/www.facebook.com\/CevadaPura"]}]}},"_links":{"self":[{"href":"https:\/\/www.cevadapura.com.br\/loja\/wp-json\/wp\/v2\/pages\/74","targetHints":{"allow":["GET"]}}],"collection":[{"href":"https:\/\/www.cevadapura.com.br\/loja\/wp-json\/wp\/v2\/pages"}],"about":[{"href":"https:\/\/www.cevadapura.com.br\/loja\/wp-json\/wp\/v2\/types\/page"}],"author":[{"embeddable":true,"href":"https:\/\/www.cevadapura.com.br\/loja\/wp-json\/wp\/v2\/users\/1"}],"replies":[{"embeddable":true,"href":"https:\/\/www.cevadapura.com.br\/loja\/wp-json\/wp\/v2\/comments?post=74"}],"version-history":[{"count":9,"href":"https:\/\/www.cevadapura.com.br\/loja\/wp-json\/wp\/v2\/pages\/74\/revisions"}],"predecessor-version":[{"id":1065,"href":"https:\/\/www.cevadapura.com.br\/loja\/wp-json\/wp\/v2\/pages\/74\/revisions\/1065"}],"wp:attachment":[{"href":"https:\/\/www.cevadapura.com.br\/loja\/wp-json\/wp\/v2\/media?parent=74"}],"curies":[{"name":"wp","href":"https:\/\/api.w.org\/{rel}","templated":true}]}}